{"id":533,"date":"2025-01-15T14:36:44","date_gmt":"2025-01-15T14:36:44","guid":{"rendered":"http:\/\/livingbycarlos.test\/?page_id=533"},"modified":"2025-04-04T08:43:06","modified_gmt":"2025-04-04T08:43:06","slug":"propiedades","status":"publish","type":"page","link":"https:\/\/livingbycarlos.com\/es\/propiedades\/","title":{"rendered":"Propiedades"},"content":{"rendered":"<div class=\"rw-inmovilla-list \"><div class=\"item\"><div class=\"thumbnail\"><a href=\"https:\/\/livingbycarlos.com\/es\/vivienda\/piso-en-portals-nous-calvia\/\" title=\"Piso en Portals Nous, Calvi\u00e0\" data-text=\"M\u00e1s informaci\u00f3n\"><img decoding=\"async\" src=\"https:\/\/fotos15.apinmo.com\/11986\/28774686\/1-1.jpg\" alt=\"Piso en Portals Nous, Calvi\u00e0\" width=\"1920\" height=\"1080\" loading=\"lazy\"><\/a><\/div><ul class=\"detail\"><li class=\"icon surface_area\"><span>16 m<sup>2<\/sup><\/span><\/li><\/ul><h4 class=\"town\">Calvi\u00e0<\/h4><h2 class=\"title\"><a href=\"https:\/\/livingbycarlos.com\/es\/vivienda\/piso-en-portals-nous-calvia\/\" title=\"Piso en Portals Nous, Calvi\u00e0\">Piso en Portals Nous, Calvi\u00e0<\/a><\/h2><p class=\"price\"><\/p><div class=\"actions\"><p class=\"property-id\">Propiedad-ID: 2701<\/p><p><a href=\"https:\/\/livingbycarlos.com\/es\/vivienda\/piso-en-portals-nous-calvia\/\" title=\"Piso en Portals Nous, Calvi\u00e0\" class=\"wp-block-button__link wp-element-button\">Ver detalles<\/a><\/p><\/div><\/div><div class=\"item\"><div class=\"thumbnail\"><a href=\"https:\/\/livingbycarlos.com\/es\/vivienda\/apartamento-en-portals-nous-calvia-2\/\" title=\"Apartamento en Portals Nous, Calvi\u00e0\" data-text=\"M\u00e1s informaci\u00f3n\"><img decoding=\"async\" src=\"https:\/\/fotos15.apinmo.com\/11986\/25964393\/2-1.jpg\" alt=\"Apartamento en Portals Nous, Calvi\u00e0\" width=\"1920\" height=\"1440\" loading=\"lazy\"><\/a><\/div><ul class=\"detail\"><li class=\"icon beds\"><span>2<\/span><\/li><li class=\"separation\"><\/li><li class=\"icon baths\"><span>2<\/span><\/li><li class=\"separation\"><\/li><li class=\"icon surface_area\"><span>170 m<sup>2<\/sup><\/span><\/li><\/ul><h4 class=\"town\">Calvi\u00e0<\/h4><h2 class=\"title\"><a href=\"https:\/\/livingbycarlos.com\/es\/vivienda\/apartamento-en-portals-nous-calvia-2\/\" title=\"Apartamento en Portals Nous, Calvi\u00e0\">Apartamento en Portals Nous, Calvi\u00e0<\/a><\/h2><p class=\"price\">1.060.000\u20ac<\/p><div class=\"actions\"><p class=\"property-id\">Propiedad-ID: 2620<\/p><p><a href=\"https:\/\/livingbycarlos.com\/es\/vivienda\/apartamento-en-portals-nous-calvia-2\/\" title=\"Apartamento en Portals Nous, Calvi\u00e0\" class=\"wp-block-button__link wp-element-button\">Ver detalles<\/a><\/p><\/div><\/div><div class=\"item\"><div class=\"thumbnail\"><a href=\"https:\/\/livingbycarlos.com\/es\/vivienda\/moderna-finca-de-una-planta-con-vistas-abiertas-piscina-y-proyecto-de-ampliacion-en-entorno-natural\/\" title=\"Moderna finca de una planta con vistas abiertas, piscina y proyecto de ampliaci\u00f3n en entorno natural\" data-text=\"M\u00e1s informaci\u00f3n\"><img decoding=\"async\" src=\"https:\/\/fotos15.apinmo.com\/11986\/28620870\/1-1.jpg\" alt=\"Moderna finca de una planta con vistas abiertas, piscina y proyecto de ampliaci\u00f3n en entorno natural\" width=\"980\" height=\"654\" loading=\"lazy\"><\/a><\/div><ul class=\"detail\"><li class=\"icon beds\"><span>4<\/span><\/li><li class=\"separation\"><\/li><li class=\"icon baths\"><span>4<\/span><\/li><li class=\"separation\"><\/li><li class=\"icon parcela\"><span>19850 m<sup>2<\/sup><\/span><\/li><li class=\"separation\"><\/li><li class=\"icon surface_area\"><span>320 m<sup>2<\/sup><\/span><\/li><\/ul><h4 class=\"town\">Llucmajor<\/h4><h2 class=\"title\"><a href=\"https:\/\/livingbycarlos.com\/es\/vivienda\/moderna-finca-de-una-planta-con-vistas-abiertas-piscina-y-proyecto-de-ampliacion-en-entorno-natural\/\" title=\"Moderna finca de una planta con vistas abiertas, piscina y proyecto de ampliaci\u00f3n en entorno natural\">Moderna finca de una planta con vistas abiertas, piscina y proyecto de ampliaci\u00f3n en entorno natural<\/a><\/h2><p class=\"price\">3.900.000\u20ac<\/p><div class=\"actions\"><p class=\"property-id\">Propiedad-ID: 2692<\/p><p><a href=\"https:\/\/livingbycarlos.com\/es\/vivienda\/moderna-finca-de-una-planta-con-vistas-abiertas-piscina-y-proyecto-de-ampliacion-en-entorno-natural\/\" title=\"Moderna finca de una planta con vistas abiertas, piscina y proyecto de ampliaci\u00f3n en entorno natural\" class=\"wp-block-button__link wp-element-button\">Ver detalles<\/a><\/p><\/div><\/div><div class=\"item\"><div class=\"thumbnail\"><a href=\"https:\/\/livingbycarlos.com\/es\/vivienda\/elegante-casa-de-campo-moderna-con-vistas-a-la-tramuntana-piscina-y-maxima-tranquilidad\/\" title=\"Elegante casa de campo moderna con vistas a la Tramuntana, piscina y m\u00e1xima tranquilidad\" data-text=\"M\u00e1s informaci\u00f3n\"><img decoding=\"async\" src=\"https:\/\/fotos15.apinmo.com\/11986\/28620691\/1-1.jpg\" alt=\"Elegante casa de campo moderna con vistas a la Tramuntana, piscina y m\u00e1xima tranquilidad\" width=\"1280\" height=\"806\" loading=\"lazy\"><\/a><\/div><ul class=\"detail\"><li class=\"icon beds\"><span>4<\/span><\/li><li class=\"separation\"><\/li><li class=\"icon baths\"><span>4<\/span><\/li><li class=\"separation\"><\/li><li class=\"icon parcela\"><span>15000 m<sup>2<\/sup><\/span><\/li><li class=\"separation\"><\/li><li class=\"icon surface_area\"><span>580 m<sup>2<\/sup><\/span><\/li><\/ul><h4 class=\"town\">Santa Maria del Cami<\/h4><h2 class=\"title\"><a href=\"https:\/\/livingbycarlos.com\/es\/vivienda\/elegante-casa-de-campo-moderna-con-vistas-a-la-tramuntana-piscina-y-maxima-tranquilidad\/\" title=\"Elegante casa de campo moderna con vistas a la Tramuntana, piscina y m\u00e1xima tranquilidad\">Elegante casa de campo moderna con vistas a la Tramuntana, piscina y m\u00e1xima tranquilidad<\/a><\/h2><p class=\"price\">5.500.000\u20ac<\/p><div class=\"actions\"><p class=\"property-id\">Propiedad-ID: 2691<\/p><p><a href=\"https:\/\/livingbycarlos.com\/es\/vivienda\/elegante-casa-de-campo-moderna-con-vistas-a-la-tramuntana-piscina-y-maxima-tranquilidad\/\" title=\"Elegante casa de campo moderna con vistas a la Tramuntana, piscina y m\u00e1xima tranquilidad\" class=\"wp-block-button__link wp-element-button\">Ver detalles<\/a><\/p><\/div><\/div><div class=\"item\"><div class=\"thumbnail\"><a href=\"https:\/\/livingbycarlos.com\/es\/vivienda\/exclusiva-finca-de-piedra-con-vistas-panoramicas-en-santa-maria-del-cami\/\" title=\"Exclusiva finca de piedra con vistas panor\u00e1micas en Santa Mar\u00eda del Cam\u00ed\" data-text=\"M\u00e1s informaci\u00f3n\"><img decoding=\"async\" src=\"https:\/\/fotos15.apinmo.com\/11986\/28606220\/1-1.jpg\" alt=\"Exclusiva finca de piedra con vistas panor\u00e1micas en Santa Mar\u00eda del Cam\u00ed\" width=\"1248\" height=\"832\" loading=\"lazy\"><\/a><\/div><ul class=\"detail\"><li class=\"icon surface_area\"><span>269 m<sup>2<\/sup><\/span><\/li><\/ul><h4 class=\"town\">Santa Maria del Cami<\/h4><h2 class=\"title\"><a href=\"https:\/\/livingbycarlos.com\/es\/vivienda\/exclusiva-finca-de-piedra-con-vistas-panoramicas-en-santa-maria-del-cami\/\" title=\"Exclusiva finca de piedra con vistas panor\u00e1micas en Santa Mar\u00eda del Cam\u00ed\">Exclusiva finca de piedra con vistas panor\u00e1micas en Santa Mar\u00eda del Cam\u00ed<\/a><\/h2><p class=\"price\">6.800.000\u20ac<\/p><div class=\"actions\"><p class=\"property-id\">Propiedad-ID: 2690<\/p><p><a href=\"https:\/\/livingbycarlos.com\/es\/vivienda\/exclusiva-finca-de-piedra-con-vistas-panoramicas-en-santa-maria-del-cami\/\" title=\"Exclusiva finca de piedra con vistas panor\u00e1micas en Santa Mar\u00eda del Cam\u00ed\" class=\"wp-block-button__link wp-element-button\">Ver detalles<\/a><\/p><\/div><\/div><div class=\"item\"><div class=\"thumbnail\"><a href=\"https:\/\/livingbycarlos.com\/es\/vivienda\/finca-moderna-con-privacidad-y-estilo-mediterraneo-cerca-de-llucmajor\/\" title=\"Finca moderna con privacidad y estilo mediterr\u00e1neo cerca de Llucmajor\" data-text=\"M\u00e1s informaci\u00f3n\"><img decoding=\"async\" src=\"https:\/\/fotos15.apinmo.com\/11986\/28604922\/1-1.jpg\" alt=\"Finca moderna con privacidad y estilo mediterr\u00e1neo cerca de Llucmajor\" width=\"1280\" height=\"959\" loading=\"lazy\"><\/a><\/div><ul class=\"detail\"><li class=\"icon beds\"><span>5<\/span><\/li><li class=\"separation\"><\/li><li class=\"icon baths\"><span>5<\/span><\/li><li class=\"separation\"><\/li><li class=\"icon parcela\"><span>17000 m<sup>2<\/sup><\/span><\/li><li class=\"separation\"><\/li><li class=\"icon surface_area\"><span>460 m<sup>2<\/sup><\/span><\/li><\/ul><h4 class=\"town\">Llucmajor<\/h4><h2 class=\"title\"><a href=\"https:\/\/livingbycarlos.com\/es\/vivienda\/finca-moderna-con-privacidad-y-estilo-mediterraneo-cerca-de-llucmajor\/\" title=\"Finca moderna con privacidad y estilo mediterr\u00e1neo cerca de Llucmajor\">Finca moderna con privacidad y estilo mediterr\u00e1neo cerca de Llucmajor<\/a><\/h2><p class=\"price\">4.450.000\u20ac<\/p><div class=\"actions\"><p class=\"property-id\">Propiedad-ID: 2689<\/p><p><a href=\"https:\/\/livingbycarlos.com\/es\/vivienda\/finca-moderna-con-privacidad-y-estilo-mediterraneo-cerca-de-llucmajor\/\" title=\"Finca moderna con privacidad y estilo mediterr\u00e1neo cerca de Llucmajor\" class=\"wp-block-button__link wp-element-button\">Ver detalles<\/a><\/p><\/div><\/div><div class=\"item\"><div class=\"thumbnail\"><a href=\"https:\/\/livingbycarlos.com\/es\/vivienda\/encantadora-finca-en-primera-linea-de-mar-en-banyalbufar-con-vistas-espectaculares\/\" title=\"Encantadora finca en primera l\u00ednea de mar en Banyalbufar con vistas espectaculares\" data-text=\"M\u00e1s informaci\u00f3n\"><img decoding=\"async\" src=\"https:\/\/fotos15.apinmo.com\/11986\/28596050\/1-1.jpg\" alt=\"Encantadora finca en primera l\u00ednea de mar en Banyalbufar con vistas espectaculares\" width=\"1280\" height=\"853\" loading=\"lazy\"><\/a><\/div><ul class=\"detail\"><li class=\"icon beds\"><span>4<\/span><\/li><li class=\"separation\"><\/li><li class=\"icon baths\"><span>4<\/span><\/li><li class=\"separation\"><\/li><li class=\"icon parcela\"><span>8500 m<sup>2<\/sup><\/span><\/li><li class=\"separation\"><\/li><li class=\"icon surface_area\"><span>500 m<sup>2<\/sup><\/span><\/li><\/ul><h4 class=\"town\">Sant Antoni de Portmany<\/h4><h2 class=\"title\"><a href=\"https:\/\/livingbycarlos.com\/es\/vivienda\/encantadora-finca-en-primera-linea-de-mar-en-banyalbufar-con-vistas-espectaculares\/\" title=\"Encantadora finca en primera l\u00ednea de mar en Banyalbufar con vistas espectaculares\">Encantadora finca en primera l\u00ednea de mar en Banyalbufar con vistas espectaculares<\/a><\/h2><p class=\"price\">6.290.000\u20ac<\/p><div class=\"actions\"><p class=\"property-id\">Propiedad-ID: 2688<\/p><p><a href=\"https:\/\/livingbycarlos.com\/es\/vivienda\/encantadora-finca-en-primera-linea-de-mar-en-banyalbufar-con-vistas-espectaculares\/\" title=\"Encantadora finca en primera l\u00ednea de mar en Banyalbufar con vistas espectaculares\" class=\"wp-block-button__link wp-element-button\">Ver detalles<\/a><\/p><\/div><\/div><div class=\"item\"><div class=\"thumbnail\"><a href=\"https:\/\/livingbycarlos.com\/es\/vivienda\/villa-de-lujo-contemporanea-con-piscina-spa-y-domotica\/\" title=\"Villa de lujo contempor\u00e1nea con piscina, spa y dom\u00f3tica\" data-text=\"M\u00e1s informaci\u00f3n\"><img decoding=\"async\" src=\"https:\/\/fotos15.apinmo.com\/11986\/28594751\/5-1.jpg\" alt=\"Villa de lujo contempor\u00e1nea con piscina, spa y dom\u00f3tica\" width=\"1920\" height=\"1280\" loading=\"lazy\"><\/a><\/div><ul class=\"detail\"><li class=\"icon beds\"><span>5<\/span><\/li><li class=\"separation\"><\/li><li class=\"icon baths\"><span>5<\/span><\/li><li class=\"separation\"><\/li><li class=\"icon parcela\"><span>1460 m<sup>2<\/sup><\/span><\/li><li class=\"separation\"><\/li><li class=\"icon surface_area\"><span>510 m<sup>2<\/sup><\/span><\/li><\/ul><h4 class=\"town\">Calvi\u00e0<\/h4><h2 class=\"title\"><a href=\"https:\/\/livingbycarlos.com\/es\/vivienda\/villa-de-lujo-contemporanea-con-piscina-spa-y-domotica\/\" title=\"Villa de lujo contempor\u00e1nea con piscina, spa y dom\u00f3tica\">Villa de lujo contempor\u00e1nea con piscina, spa y dom\u00f3tica<\/a><\/h2><p class=\"price\">7.500.000\u20ac<\/p><div class=\"actions\"><p class=\"property-id\">Propiedad-ID: 2687<\/p><p><a href=\"https:\/\/livingbycarlos.com\/es\/vivienda\/villa-de-lujo-contemporanea-con-piscina-spa-y-domotica\/\" title=\"Villa de lujo contempor\u00e1nea con piscina, spa y dom\u00f3tica\" class=\"wp-block-button__link wp-element-button\">Ver detalles<\/a><\/p><\/div><\/div><div class=\"item\"><div class=\"thumbnail\"><a href=\"https:\/\/livingbycarlos.com\/es\/vivienda\/moderna-villa-de-nueva-construccion-con-vistas-al-mar-en-costa-den-blanes\/\" title=\"Moderna villa de nueva construcci\u00f3n con vistas al mar en Costa den Blanes\" data-text=\"M\u00e1s informaci\u00f3n\"><img decoding=\"async\" src=\"https:\/\/fotos15.apinmo.com\/11986\/27625913\/7-1.jpg\" alt=\"Moderna villa de nueva construcci\u00f3n con vistas al mar en Costa den Blanes\" width=\"1920\" height=\"1440\" loading=\"lazy\"><\/a><\/div><ul class=\"detail\"><li class=\"icon beds\"><span>5<\/span><\/li><li class=\"separation\"><\/li><li class=\"icon baths\"><span>6<\/span><\/li><li class=\"separation\"><\/li><li class=\"icon parcela\"><span>1030 m<sup>2<\/sup><\/span><\/li><li class=\"separation\"><\/li><li class=\"icon surface_area\"><span>351 m<sup>2<\/sup><\/span><\/li><\/ul><h4 class=\"town\">Calvi\u00e0<\/h4><h2 class=\"title\"><a href=\"https:\/\/livingbycarlos.com\/es\/vivienda\/moderna-villa-de-nueva-construccion-con-vistas-al-mar-en-costa-den-blanes\/\" title=\"Moderna villa de nueva construcci\u00f3n con vistas al mar en Costa den Blanes\">Moderna villa de nueva construcci\u00f3n con vistas al mar en Costa den Blanes<\/a><\/h2><p class=\"price\">5.950.000\u20ac<\/p><div class=\"actions\"><p class=\"property-id\">Propiedad-ID: 2675<\/p><p><a href=\"https:\/\/livingbycarlos.com\/es\/vivienda\/moderna-villa-de-nueva-construccion-con-vistas-al-mar-en-costa-den-blanes\/\" title=\"Moderna villa de nueva construcci\u00f3n con vistas al mar en Costa den Blanes\" class=\"wp-block-button__link wp-element-button\">Ver detalles<\/a><\/p><\/div><\/div><\/div><div class=\"rw-inmovilla-pagination\"><span aria-current=\"page\" class=\"page-numbers current\">1<\/span>\n<a class=\"page-numbers\" href=\"https:\/\/livingbycarlos.com\/es\/wp-json\/wp\/v2\/pages\/533\/page\/2\/\">2<\/a>\n<a class=\"page-numbers\" href=\"https:\/\/livingbycarlos.com\/es\/wp-json\/wp\/v2\/pages\/533\/page\/3\/\">3<\/a>\n<span class=\"page-numbers dots\">&hellip;<\/span>\n<a class=\"page-numbers\" href=\"https:\/\/livingbycarlos.com\/es\/wp-json\/wp\/v2\/pages\/533\/page\/8\/\">8<\/a>\n<a class=\"next page-numbers\" href=\"https:\/\/livingbycarlos.com\/es\/wp-json\/wp\/v2\/pages\/533\/page\/2\/\">Siguiente ><\/a><\/div>\n","protected":false},"excerpt":{"rendered":"","protected":false},"author":1,"featured_media":122,"parent":0,"menu_order":0,"comment_status":"closed","ping_status":"closed","template":"","meta":{"inline_featured_image":false,"footnotes":""},"class_list":["post-533","page","type-page","status-publish","has-post-thumbnail","hentry"],"_links":{"self":[{"href":"https:\/\/livingbycarlos.com\/es\/wp-json\/wp\/v2\/pages\/533","targetHints":{"allow":["GET"]}}],"collection":[{"href":"https:\/\/livingbycarlos.com\/es\/wp-json\/wp\/v2\/pages"}],"about":[{"href":"https:\/\/livingbycarlos.com\/es\/wp-json\/wp\/v2\/types\/page"}],"author":[{"embeddable":true,"href":"https:\/\/livingbycarlos.com\/es\/wp-json\/wp\/v2\/users\/1"}],"replies":[{"embeddable":true,"href":"https:\/\/livingbycarlos.com\/es\/wp-json\/wp\/v2\/comments?post=533"}],"version-history":[{"count":3,"href":"https:\/\/livingbycarlos.com\/es\/wp-json\/wp\/v2\/pages\/533\/revisions"}],"predecessor-version":[{"id":2436,"href":"https:\/\/livingbycarlos.com\/es\/wp-json\/wp\/v2\/pages\/533\/revisions\/2436"}],"wp:featuredmedia":[{"embeddable":true,"href":"https:\/\/livingbycarlos.com\/es\/wp-json\/wp\/v2\/media\/122"}],"wp:attachment":[{"href":"https:\/\/livingbycarlos.com\/es\/wp-json\/wp\/v2\/media?parent=533"}],"curies":[{"name":"wp","href":"https:\/\/api.w.org\/{rel}","templated":true}]}}