{"id":33,"date":"2024-12-11T14:06:57","date_gmt":"2024-12-11T14:06:57","guid":{"rendered":"http:\/\/livingbycarlos.test\/ofrece-tu-propiedad\/"},"modified":"2026-01-29T10:53:53","modified_gmt":"2026-01-29T10:53:53","slug":"ofrece-tu-propiedad","status":"publish","type":"page","link":"https:\/\/livingbycarlos.com\/es\/ofrece-tu-propiedad\/","title":{"rendered":"Ofrece tu propiedad"},"content":{"rendered":"\n<div class=\"wp-block-group sell_property__container\"><div class=\"wp-block-group__inner-container is-layout-constrained wp-block-group-is-layout-constrained\">\n<div class=\"wp-block-columns is-layout-flex wp-container-core-columns-is-layout-9d6595d7 wp-block-columns-is-layout-flex\">\n<div class=\"wp-block-column is-vertically-aligned-center images is-layout-flow wp-block-column-is-layout-flow\">\n<figure class=\"wp-block-image size-large\"><img loading=\"lazy\" decoding=\"async\" width=\"1024\" height=\"935\" src=\"https:\/\/livingbycarlos.com\/wp-content\/uploads\/2025\/01\/vende-propiedad-1-1024x935.png\" alt=\"\" class=\"wp-image-923\" srcset=\"https:\/\/livingbycarlos.com\/wp-content\/uploads\/2025\/01\/vende-propiedad-1-1024x935.png 1024w, https:\/\/livingbycarlos.com\/wp-content\/uploads\/2025\/01\/vende-propiedad-1-300x274.png 300w, https:\/\/livingbycarlos.com\/wp-content\/uploads\/2025\/01\/vende-propiedad-1-768x702.png 768w, https:\/\/livingbycarlos.com\/wp-content\/uploads\/2025\/01\/vende-propiedad-1.png 1064w\" sizes=\"auto, (max-width: 1024px) 100vw, 1024px\" \/><\/figure>\n\n\n\n<figure class=\"wp-block-image size-full\"><img loading=\"lazy\" decoding=\"async\" width=\"660\" height=\"723\" src=\"https:\/\/livingbycarlos.com\/wp-content\/uploads\/2025\/01\/vende-propiedad-2.png\" alt=\"\" class=\"wp-image-926\" srcset=\"https:\/\/livingbycarlos.com\/wp-content\/uploads\/2025\/01\/vende-propiedad-2.png 660w, https:\/\/livingbycarlos.com\/wp-content\/uploads\/2025\/01\/vende-propiedad-2-274x300.png 274w\" sizes=\"auto, (max-width: 660px) 100vw, 660px\" \/><\/figure>\n<\/div>\n\n\n\n<div class=\"wp-block-column is-vertically-aligned-center is-layout-flow wp-block-column-is-layout-flow\">\n<h1 class=\"wp-block-heading title-h1\">\u00bfQuieres vender tu propiedad?<br><\/h1>\n\n\n\n<h2 class=\"wp-block-heading\">Descubre c\u00f3mo Living by Carlos puede ayudarte a obtener el mejor precio.<\/h2>\n\n\n\n<p>En <strong>Living by Carlos<\/strong>, ofrecemos un servicio integral para quienes desean <strong>vender su propiedad<\/strong> en Mallorca. Con <strong>m\u00e1s de 20 a\u00f1os de experiencia<\/strong> en el mercado inmobiliario, nuestro equipo de expertos se encarga de cada detalle para que consigas el mejor precio de venta.<\/p>\n\n\n\n<p>Nuestro proceso comienza con un <strong>an\u00e1lisis exhaustivo de tu propiedad<\/strong>, donde evaluamos el valor real en el mercado actual y te proporcionamos una <strong>valoraci\u00f3n justa<\/strong> basada en datos y tendencias de la zona. Adem\u00e1s, te asesoramos sobre c\u00f3mo optimizar tu propiedad para atraer a los compradores m\u00e1s interesados.<\/p>\n\n\n\n<p>Contamos con una <strong>estrategia de marketing personalizada<\/strong>, utilizando las mejores herramientas digitales y contactos en la industria para garantizar la m\u00e1xima visibilidad de tu propiedad. Nuestra red de compradores interesados y nuestra amplia experiencia nos permite gestionar el proceso de venta de forma r\u00e1pida, eficiente y con total <strong>transparencia<\/strong>.<\/p>\n\n\n\n<p>Si est\u00e1s listo para vender tu propiedad, en <strong>Living by Carlos<\/strong> te ayudamos a maximizar tu inversi\u00f3n y obtener los mejores resultados. <strong>Cont\u00e1ctanos para una valoraci\u00f3n sin compromiso.<\/strong><\/p>\n<\/div>\n<\/div>\n<\/div><\/div>\n\n\n\n<div class=\"wp-block-cover is-light home_visit__container full-width\"><video class=\"wp-block-cover__video-background intrinsic-ignore\" autoplay muted loop playsinline src=\"https:\/\/livingbycarlos.com\/wp-content\/uploads\/2025\/01\/7c71-4926-9a72-c6b089775c25.mov\" data-object-fit=\"cover\"><\/video><span aria-hidden=\"true\" class=\"wp-block-cover__background has-background-dim-30 has-background-dim\" style=\"background-color:#0c3f50\"><\/span><div class=\"wp-block-cover__inner-container is-layout-constrained wp-block-cover-is-layout-constrained\">\n<div class=\"wp-block-columns full-width__child is-layout-flex wp-container-core-columns-is-layout-9d6595d7 wp-block-columns-is-layout-flex\">\n<div class=\"wp-block-column is-layout-flow wp-block-column-is-layout-flow\" style=\"flex-basis:45%\">\n<div class=\"wp-block-group home_visit__form\"><div class=\"wp-block-group__inner-container is-layout-constrained wp-block-group-is-layout-constrained\">\n<h2 class=\"wp-block-heading title-h2\">Pide una cita<\/h2>\n\n\n\n<p>Escr\u00edbenos y nos podremos en contacto contigo<\/p>\n\n\n\n<div class=\"wp-block-contact-form-7-contact-form-selector\">\n<div class=\"wpcf7 no-js\" id=\"wpcf7-f889-o1\" lang=\"es-ES\" dir=\"ltr\" data-wpcf7-id=\"889\">\n<div class=\"screen-reader-response\"><p role=\"status\" aria-live=\"polite\" aria-atomic=\"true\"><\/p> <ul><\/ul><\/div>\n<form action=\"\/es\/wp-json\/wp\/v2\/pages\/33#wpcf7-f889-o1\" method=\"post\" class=\"wpcf7-form init\" aria-label=\"Formulario de contacto\" novalidate=\"novalidate\" data-status=\"init\">\n<fieldset class=\"hidden-fields-container\"><input type=\"hidden\" name=\"_wpcf7\" value=\"889\" \/><input type=\"hidden\" name=\"_wpcf7_version\" value=\"6.1.5\" \/><input type=\"hidden\" name=\"_wpcf7_locale\" value=\"es_ES\" \/><input type=\"hidden\" name=\"_wpcf7_unit_tag\" value=\"wpcf7-f889-o1\" \/><input type=\"hidden\" name=\"_wpcf7_container_post\" value=\"0\" \/><input type=\"hidden\" name=\"_wpcf7_posted_data_hash\" value=\"\" \/><input type=\"hidden\" name=\"_wpcf7_recaptcha_response\" value=\"\" \/>\n<\/fieldset>\n<p><span class=\"wpcf7-form-control-wrap\" data-name=\"your-name\"><input size=\"40\" maxlength=\"400\" class=\"wpcf7-form-control wpcf7-text wpcf7-validates-as-required\" autocomplete=\"name\" aria-required=\"true\" aria-invalid=\"false\" placeholder=\"Tu nombre\" value=\"\" type=\"text\" name=\"your-name\" \/><\/span>\n<\/p>\n<p><span class=\"wpcf7-form-control-wrap\" data-name=\"your-email\"><input size=\"40\" maxlength=\"400\" class=\"wpcf7-form-control wpcf7-email wpcf7-validates-as-required wpcf7-text wpcf7-validates-as-email\" autocomplete=\"email\" aria-required=\"true\" aria-invalid=\"false\" placeholder=\"Tu correo electr\u00f3nico\" value=\"\" type=\"email\" name=\"your-email\" \/><\/span>\n<\/p>\n<p><span class=\"wpcf7-form-control-wrap\" data-name=\"your-reference\"><input size=\"40\" maxlength=\"400\" class=\"wpcf7-form-control wpcf7-text wpcf7-validates-as-required\" aria-required=\"true\" aria-invalid=\"false\" placeholder=\"Referencia de la propiedad\" value=\"\" type=\"text\" name=\"your-reference\" \/><\/span>\n<\/p>\n<p><span class=\"wpcf7-form-control-wrap\" data-name=\"your-message\"><textarea cols=\"40\" rows=\"10\" maxlength=\"2000\" class=\"wpcf7-form-control wpcf7-textarea\" aria-invalid=\"false\" placeholder=\"Escr\u00edbenos tu mensaje aqu\u00ed....\" name=\"your-message\"><\/textarea><\/span>\n<\/p>\n<p class=\"buttons-group\"><span class=\"wpcf7-form-control-wrap\" data-name=\"acceptance-350\"><span class=\"wpcf7-form-control wpcf7-acceptance\"><span class=\"wpcf7-list-item\"><label><input type=\"checkbox\" name=\"acceptance-350\" value=\"1\" aria-invalid=\"false\" \/><span class=\"wpcf7-list-item-label\">Acepto la pol\u00edtica de privacidad y datos<\/span><\/label><\/span><\/span><\/span><input class=\"wpcf7-form-control wpcf7-submit has-spinner\" type=\"submit\" value=\"Enviar\" \/>\n<\/p><div class=\"wpcf7-response-output\" aria-hidden=\"true\"><\/div>\n<\/form>\n<\/div>\n<\/div>\n<\/div><\/div>\n<\/div>\n\n\n\n<div class=\"wp-block-column home_visit__text is-layout-flow wp-block-column-is-layout-flow\" style=\"flex-basis:55%\">\n<h2 class=\"wp-block-heading title-h2\">Propiedades \u00fanicas, dise\u00f1adas para ti.<\/h2>\n\n\n\n<p>Dise\u00f1amos tu hogar en el mediterr\u00e1neo<\/p>\n<\/div>\n<\/div>\n<\/div><\/div>\n","protected":false},"excerpt":{"rendered":"<p>\u00bfQuieres vender tu propiedad? Descubre c\u00f3mo Living by Carlos puede ayudarte a obtener el mejor precio. En Living by Carlos, ofrecemos un servicio integral para quienes desean vender su propiedad en Mallorca. Con m\u00e1s de 20 a\u00f1os de experiencia en el mercado inmobiliario, nuestro equipo de expertos se encarga de cada detalle para que consigas [&hellip;]<\/p>\n","protected":false},"author":1,"featured_media":919,"parent":0,"menu_order":0,"comment_status":"closed","ping_status":"closed","template":"","meta":{"inline_featured_image":false,"footnotes":""},"class_list":["post-33","page","type-page","status-publish","has-post-thumbnail","hentry"],"_links":{"self":[{"href":"https:\/\/livingbycarlos.com\/es\/wp-json\/wp\/v2\/pages\/33","targetHints":{"allow":["GET"]}}],"collection":[{"href":"https:\/\/livingbycarlos.com\/es\/wp-json\/wp\/v2\/pages"}],"about":[{"href":"https:\/\/livingbycarlos.com\/es\/wp-json\/wp\/v2\/types\/page"}],"author":[{"embeddable":true,"href":"https:\/\/livingbycarlos.com\/es\/wp-json\/wp\/v2\/users\/1"}],"replies":[{"embeddable":true,"href":"https:\/\/livingbycarlos.com\/es\/wp-json\/wp\/v2\/comments?post=33"}],"version-history":[{"count":9,"href":"https:\/\/livingbycarlos.com\/es\/wp-json\/wp\/v2\/pages\/33\/revisions"}],"predecessor-version":[{"id":3366,"href":"https:\/\/livingbycarlos.com\/es\/wp-json\/wp\/v2\/pages\/33\/revisions\/3366"}],"wp:featuredmedia":[{"embeddable":true,"href":"https:\/\/livingbycarlos.com\/es\/wp-json\/wp\/v2\/media\/919"}],"wp:attachment":[{"href":"https:\/\/livingbycarlos.com\/es\/wp-json\/wp\/v2\/media?parent=33"}],"curies":[{"name":"wp","href":"https:\/\/api.w.org\/{rel}","templated":true}]}}