{"id":23,"date":"2024-12-11T14:06:57","date_gmt":"2024-12-11T14:06:57","guid":{"rendered":"http:\/\/livingbycarlos.test\/sobre-nosotros\/"},"modified":"2026-03-19T11:47:35","modified_gmt":"2026-03-19T11:47:35","slug":"sobre-nosotros","status":"publish","type":"page","link":"https:\/\/livingbycarlos.com\/es\/sobre-nosotros\/","title":{"rendered":"Sobre nosotros"},"content":{"rendered":"\n<div class=\"wp-block-group about_us__container\"><div class=\"wp-block-group__inner-container is-layout-constrained wp-block-group-is-layout-constrained\">\n<div class=\"wp-block-columns are-vertically-aligned-center intro is-layout-flex wp-container-core-columns-is-layout-9d6595d7 wp-block-columns-is-layout-flex\">\n<div class=\"wp-block-column is-vertically-aligned-center is-layout-flow wp-block-column-is-layout-flow\">\n<h2 class=\"wp-block-heading title-h2\">\u00bfD\u00f3nde estamos?<\/h2>\n\n\n\n<p>Ubicados en la <strong>Unidad n\u00ba47 de Puerto Portals<\/strong>, formamos parte de uno de los entornos m\u00e1s exclusivos y vibrantes de Mallorca.<\/p>\n\n\n\n<p>En <strong>Living by Carlos<\/strong> estamos especializados en la <strong>venta y gesti\u00f3n de propiedades de lujo<\/strong>, ofreciendo tambi\u00e9n una cuidada selecci\u00f3n de viviendas adaptadas a distintos estilos de vida. Nuestro objetivo es brindar un <strong>servicio inmobiliario personalizado, transparente y de alta calidad<\/strong>, acompa\u00f1ando a cada cliente en todas las fases del proceso de compra, venta o alquiler.<\/p>\n\n\n\n<p>Desde nuestra oficina en el puerto, combinamos el <strong>conocimiento local<\/strong> con un <strong>enfoque internacional y contempor\u00e1neo del sector inmobiliario<\/strong>, creando conexiones aut\u00e9nticas entre personas y propiedades excepcionales.<\/p>\n\n\n\n<p><strong>Living by Carlos<\/strong> \u2013 donde el estilo de vida mediterr\u00e1neo encuentra su hogar.<\/p>\n<\/div>\n\n\n\n<div class=\"wp-block-column is-vertically-aligned-center is-layout-flow wp-block-column-is-layout-flow\">\n<figure class=\"wp-block-image size-large\"><img loading=\"lazy\" decoding=\"async\" width=\"785\" height=\"1024\" src=\"https:\/\/livingbycarlos.com\/wp-content\/uploads\/2025\/10\/plano-portals-785x1024.jpg\" alt=\"\" class=\"wp-image-2540\" style=\"object-fit:cover\" srcset=\"https:\/\/livingbycarlos.com\/wp-content\/uploads\/2025\/10\/plano-portals-785x1024.jpg 785w, https:\/\/livingbycarlos.com\/wp-content\/uploads\/2025\/10\/plano-portals-230x300.jpg 230w, https:\/\/livingbycarlos.com\/wp-content\/uploads\/2025\/10\/plano-portals-768x1002.jpg 768w, https:\/\/livingbycarlos.com\/wp-content\/uploads\/2025\/10\/plano-portals-1178x1536.jpg 1178w, https:\/\/livingbycarlos.com\/wp-content\/uploads\/2025\/10\/plano-portals-1570x2048.jpg 1570w, https:\/\/livingbycarlos.com\/wp-content\/uploads\/2025\/10\/plano-portals.jpg 1812w\" sizes=\"auto, (max-width: 785px) 100vw, 785px\" \/><\/figure>\n<\/div>\n<\/div>\n\n\n\n<div class=\"wp-block-columns images is-layout-flex wp-container-core-columns-is-layout-9d6595d7 wp-block-columns-is-layout-flex\">\n<div class=\"wp-block-column is-vertically-aligned-center is-layout-flow wp-block-column-is-layout-flow\" style=\"flex-basis:63%\">\n<figure class=\"wp-block-image size-full\"><img loading=\"lazy\" decoding=\"async\" width=\"1024\" height=\"683\" src=\"https:\/\/livingbycarlos.com\/wp-content\/uploads\/2026\/03\/Equipo_02.jpg\" alt=\"\" class=\"wp-image-3515\" srcset=\"https:\/\/livingbycarlos.com\/wp-content\/uploads\/2026\/03\/Equipo_02.jpg 1024w, https:\/\/livingbycarlos.com\/wp-content\/uploads\/2026\/03\/Equipo_02-300x200.jpg 300w, https:\/\/livingbycarlos.com\/wp-content\/uploads\/2026\/03\/Equipo_02-768x512.jpg 768w, https:\/\/livingbycarlos.com\/wp-content\/uploads\/2026\/03\/Equipo_02-456x304.jpg 456w\" sizes=\"auto, (max-width: 1024px) 100vw, 1024px\" \/><\/figure>\n<\/div>\n\n\n\n<div class=\"wp-block-column is-vertically-aligned-center is-layout-flow wp-block-column-is-layout-flow\" style=\"flex-basis:37%\">\n<p>Nuestra filosof\u00eda se basa en la <strong>profesionalidad, la confianza y la flexibilidad<\/strong>, garantizando una gesti\u00f3n inmobiliaria integral que abarca desde la <strong>compra y venta<\/strong> hasta la <strong>gesti\u00f3n patrimonial y de inversiones<\/strong>. Entendemos el valor de cada propiedad y trabajamos con los mejores especialistas para ofrecer soluciones \u00f3ptimas.<\/p>\n\n\n\n<p>Si busca una vivienda excepcional o una inversi\u00f3n rentable, <strong>Living by Carlos<\/strong> es su mejor aliado en el mercado inmobiliario de Mallorca. <strong>Descubra nuestras oportunidades exclusivas.<\/strong><\/p>\n<\/div>\n<\/div>\n<\/div><\/div>\n\n\n\n<div class=\"wp-block-group home_services__container\"><div class=\"wp-block-group__inner-container is-layout-constrained wp-block-group-is-layout-constrained\">\n<div class=\"wp-block-columns is-layout-flex wp-container-core-columns-is-layout-9d6595d7 wp-block-columns-is-layout-flex\">\n<div class=\"wp-block-column is-layout-flow wp-block-column-is-layout-flow\">\n<h6 class=\"wp-block-heading title-h6\">servicios<\/h6>\n\n\n\n<h3 class=\"wp-block-heading title-h2\">Las mejores soluciones<\/h3>\n\n\n\n<p>En <strong>Living by Carlos<\/strong> ofrecemos soluciones inmobiliarias personalizadas para <strong>compradores, inversores y propietarios<\/strong>. Optimizamos cada operaci\u00f3n mediante una gesti\u00f3n profesional, flexible y eficiente, <strong>garantizando rentabilidad y seguridad<\/strong> en cada inversi\u00f3n. <strong>Conf\u00ede en expertos para tomar la mejor decisi\u00f3n<\/strong>.<\/p>\n<\/div>\n\n\n\n<div class=\"wp-block-column is-vertically-aligned-bottom is-layout-flow wp-block-column-is-layout-flow\">\n<div class=\"wp-block-buttons is-content-justification-right is-layout-flex wp-container-core-buttons-is-layout-765c4724 wp-block-buttons-is-layout-flex\">\n<div class=\"wp-block-button\"><a class=\"wp-block-button__link wp-element-button\" href=\"https:\/\/livingbycarlos.com\/properties\/?action=Vender\">Ver todas las propiedades<\/a><\/div>\n<\/div>\n<\/div>\n<\/div>\n<\/div><\/div>\n\n\n\n<div class=\"wp-block-group home_strengths__container\"><div class=\"wp-block-group__inner-container is-layout-constrained wp-block-group-is-layout-constrained\">\n<div class=\"wp-block-columns is-layout-flex wp-container-core-columns-is-layout-9d6595d7 wp-block-columns-is-layout-flex\">\n<div class=\"wp-block-column is-layout-flow wp-block-column-is-layout-flow\">\n<figure class=\"wp-block-image size-large is-resized icon\"><img loading=\"lazy\" decoding=\"async\" width=\"32\" height=\"32\" src=\"https:\/\/livingbycarlos.com\/wp-content\/uploads\/2025\/01\/User-multiple.svg\" alt=\"\" class=\"wp-image-51\" style=\"object-fit:cover;width:32px;height:32px\"\/><\/figure>\n\n\n\n<h6 class=\"wp-block-heading title-h6 title-black\">Trato personalizado<\/h6>\n\n\n\n<p>Asesoramiento a medida para encontrar la propiedad perfecta seg\u00fan sus necesidades.<\/p>\n\n\n\n<figure class=\"wp-block-image size-full\"><img loading=\"lazy\" decoding=\"async\" width=\"444\" height=\"328\" src=\"https:\/\/livingbycarlos.com\/wp-content\/uploads\/2025\/01\/Rectangle-4.png\" alt=\"\" class=\"wp-image-47\" srcset=\"https:\/\/livingbycarlos.com\/wp-content\/uploads\/2025\/01\/Rectangle-4.png 444w, https:\/\/livingbycarlos.com\/wp-content\/uploads\/2025\/01\/Rectangle-4-300x222.png 300w\" sizes=\"auto, (max-width: 444px) 100vw, 444px\" \/><\/figure>\n<\/div>\n\n\n\n<div class=\"wp-block-column is-layout-flow wp-block-column-is-layout-flow\">\n<figure class=\"wp-block-image size-large is-resized icon\"><img loading=\"lazy\" decoding=\"async\" width=\"32\" height=\"32\" src=\"https:\/\/livingbycarlos.com\/wp-content\/uploads\/2025\/01\/Building.svg\" alt=\"\" class=\"wp-image-65\" style=\"object-fit:cover;width:32px;height:32px\"\/><\/figure>\n\n\n\n<h6 class=\"wp-block-heading title-h6 title-black\">Gesti\u00f3n patrimonial<\/h6>\n\n\n\n<p>Maximizamos el valor de sus inversiones mediante una gesti\u00f3n experta y eficiente.<\/p>\n\n\n\n<figure class=\"wp-block-image size-full\"><img loading=\"lazy\" decoding=\"async\" width=\"444\" height=\"328\" src=\"https:\/\/livingbycarlos.com\/wp-content\/uploads\/2025\/01\/Rectangle-5.png\" alt=\"\" class=\"wp-image-56\" srcset=\"https:\/\/livingbycarlos.com\/wp-content\/uploads\/2025\/01\/Rectangle-5.png 444w, https:\/\/livingbycarlos.com\/wp-content\/uploads\/2025\/01\/Rectangle-5-300x222.png 300w\" sizes=\"auto, (max-width: 444px) 100vw, 444px\" \/><\/figure>\n<\/div>\n\n\n\n<div class=\"wp-block-column is-layout-flow wp-block-column-is-layout-flow\">\n<figure class=\"wp-block-image size-full is-resized icon\"><img loading=\"lazy\" decoding=\"async\" width=\"33\" height=\"32\" src=\"https:\/\/livingbycarlos.com\/wp-content\/uploads\/2025\/01\/Currency-euro.png\" alt=\"\" class=\"wp-image-68\" style=\"object-fit:cover;width:32px;height:32px\"\/><\/figure>\n\n\n\n<h6 class=\"wp-block-heading title-h6 title-black\">An\u00e1lisis de viabilidad<\/h6>\n\n\n\n<p>Evaluamos cada oportunidad para garantizar la rentabilidad y seguridad de su inversi\u00f3n.<\/p>\n\n\n\n<figure class=\"wp-block-image size-full\"><img loading=\"lazy\" decoding=\"async\" width=\"444\" height=\"328\" src=\"https:\/\/livingbycarlos.com\/wp-content\/uploads\/2025\/01\/Rectangle-6.png\" alt=\"\" class=\"wp-image-59\" srcset=\"https:\/\/livingbycarlos.com\/wp-content\/uploads\/2025\/01\/Rectangle-6.png 444w, https:\/\/livingbycarlos.com\/wp-content\/uploads\/2025\/01\/Rectangle-6-300x222.png 300w\" sizes=\"auto, (max-width: 444px) 100vw, 444px\" \/><\/figure>\n<\/div>\n\n\n\n<div class=\"wp-block-column is-layout-flow wp-block-column-is-layout-flow\">\n<figure class=\"wp-block-image size-large is-resized icon\"><img loading=\"lazy\" decoding=\"async\" width=\"33\" height=\"32\" src=\"https:\/\/livingbycarlos.com\/wp-content\/uploads\/2025\/01\/Text-link-analysis.svg\" alt=\"\" class=\"wp-image-71\" style=\"object-fit:cover;width:32px;height:32px\"\/><\/figure>\n\n\n\n<h6 class=\"wp-block-heading title-h6 title-black\">Plan de negocio<\/h6>\n\n\n\n<p>Dise\u00f1amos estrategias inmobiliarias alineadas con su visi\u00f3n y objetivos financieros.<\/p>\n\n\n\n<figure class=\"wp-block-image size-full\"><img loading=\"lazy\" decoding=\"async\" width=\"444\" height=\"328\" src=\"https:\/\/livingbycarlos.com\/wp-content\/uploads\/2025\/01\/Rectangle-7.png\" alt=\"\" class=\"wp-image-62\" srcset=\"https:\/\/livingbycarlos.com\/wp-content\/uploads\/2025\/01\/Rectangle-7.png 444w, https:\/\/livingbycarlos.com\/wp-content\/uploads\/2025\/01\/Rectangle-7-300x222.png 300w\" sizes=\"auto, (max-width: 444px) 100vw, 444px\" \/><\/figure>\n<\/div>\n<\/div>\n<\/div><\/div>\n\n\n\n<div class=\"wp-block-group team-block\"><div class=\"wp-block-group__inner-container is-layout-constrained wp-block-group-is-layout-constrained\">\n<div class=\"wp-block-group team-block__text\"><div class=\"wp-block-group__inner-container is-layout-constrained wp-block-group-is-layout-constrained\">\n<h6 class=\"wp-block-heading title-h6\">Equipo<\/h6>\n\n\n\n<h5 class=\"wp-block-heading title-h2\">Conozca a nuestro equipo<\/h5>\n\n\n\n<p class=\"has-text-align-left\">El equipo de <em>Living by Carlos<\/em> est\u00e1 formado por tres profesionales apasionados y comprometidos: <strong>Carlos<\/strong>, <strong>Alessandra<\/strong> y <strong>Joel<\/strong>, que juntos conforman una unidad din\u00e1mica que impulsa la visi\u00f3n de la empresa.<\/p>\n\n\n\n<p class=\"has-text-align-left\"><strong>Carlos<\/strong>, fundador y l\u00edder del equipo, cuenta con una amplia trayectoria tanto en el sector inmobiliario como en el n\u00e1utico. Su experiencia en el mundo de la navegaci\u00f3n le ha permitido desarrollar un enfoque \u00fanico que combina el conocimiento del mercado inmobiliario con una visi\u00f3n empresarial ligada al estilo de vida mar\u00edtimo. Carlos dirige <em>Living by Carlos<\/em> con la misi\u00f3n de ofrecer un servicio personalizado y minucioso, adaptado a las necesidades de cada cliente. Su capacidad para unir ambos mundos le permite ofrecer soluciones exclusivas y un servicio integral y especializado.<\/p>\n\n\n\n<p class=\"has-text-align-left\"><strong>Alessandra<\/strong> es nuestra agente inmobiliaria, con una s\u00f3lida trayectoria en el sector. Su capacidad para encontrar las mejores propiedades para nuestros clientes es excepcional. Alessandra sabe identificar las necesidades de cada persona y acompa\u00f1arla con confianza en los procesos de compra, venta o alquiler. Su cercan\u00eda y dedicaci\u00f3n hacen que cada cliente se sienta en las mejores manos.<\/p>\n\n\n\n<p class=\"has-text-align-left\"><strong>Joel<\/strong>, nuestro secretario y especialista en IT, es una pieza clave en la gesti\u00f3n interna del equipo. Gracias a sus conocimientos tecnol\u00f3gicos y de sistemas inform\u00e1ticos, mantiene las operaciones de <em>Living by Carlos<\/em> organizadas y eficientes. Joel garantiza que todo el flujo de informaci\u00f3n, desde la base de datos hasta la atenci\u00f3n al cliente, funcione de manera fluida. Su labor de apoyo y coordinaci\u00f3n es esencial para que el equipo pueda centrarse en ofrecer el mejor servicio.<\/p>\n\n\n\n<p><strong>Dorien<\/strong>, nacida y criada en Mallorca, es nuestra experta de confianza en inmobiliaria de lujo, con una amplia experiencia tanto en el mercado nacional como en el internacional. Gran defensora de la isla, acompa\u00f1a a sus clientes en los procesos de compra, venta y alquiler con seguridad y elegancia, ofreciendo un asesoramiento personalizado para que cada operaci\u00f3n sea fluida, segura y exitosa. Gracias a su profundo conocimiento del mercado y a sus excelentes habilidades de negociaci\u00f3n, Dorien brinda una orientaci\u00f3n transparente y a medida, ayudando a los compradores a encontrar su propiedad ideal y permitiendo a vendedores y propietarios obtener el m\u00e1ximo valor posible de sus activos inmobiliarios.<\/p>\n\n\n\n<p class=\"has-text-align-left\">Juntos, Carlos, Alessandra, Dorien y Joel forman un equipo equilibrado, profesional y altamente motivado, siempre comprometido con la excelencia y la innovaci\u00f3n. Nos apasiona ayudarle a encontrar la propiedad perfecta y acompa\u00f1arle en cada paso del camino.<\/p>\n<\/div><\/div>\n\n\n\n<div class=\"wp-block-columns team-block__photos is-layout-flex wp-container-core-columns-is-layout-9d6595d7 wp-block-columns-is-layout-flex\">\n<div class=\"wp-block-column team__item is-layout-flow wp-block-column-is-layout-flow\">\n<figure class=\"wp-block-image size-full\"><img loading=\"lazy\" decoding=\"async\" width=\"768\" height=\"1024\" src=\"https:\/\/livingbycarlos.com\/wp-content\/uploads\/2026\/03\/Carlos_2.jpg\" alt=\"\" class=\"wp-image-3518\" srcset=\"https:\/\/livingbycarlos.com\/wp-content\/uploads\/2026\/03\/Carlos_2.jpg 768w, https:\/\/livingbycarlos.com\/wp-content\/uploads\/2026\/03\/Carlos_2-225x300.jpg 225w\" sizes=\"auto, (max-width: 768px) 100vw, 768px\" \/><\/figure>\n\n\n\n<div class=\"wp-block-group team__item_info\"><div class=\"wp-block-group__inner-container is-layout-constrained wp-block-group-is-layout-constrained\">\n<p><strong>Karl Patrick Wadstrom<\/strong><\/p>\n\n\n\n<p>CEO &#8211; Fundador<\/p>\n\n\n\n<p class=\"has-small-font-size\">IDIOMAS: Espa\u00f1ol, Ingles, Frances<\/p>\n<\/div><\/div>\n<\/div>\n\n\n\n<div class=\"wp-block-column team__item is-layout-flow wp-block-column-is-layout-flow\">\n<figure class=\"wp-block-image size-full\"><img loading=\"lazy\" decoding=\"async\" width=\"768\" height=\"1024\" src=\"https:\/\/livingbycarlos.com\/wp-content\/uploads\/2026\/03\/Alessandra_02.jpg\" alt=\"\" class=\"wp-image-3517\" srcset=\"https:\/\/livingbycarlos.com\/wp-content\/uploads\/2026\/03\/Alessandra_02.jpg 768w, https:\/\/livingbycarlos.com\/wp-content\/uploads\/2026\/03\/Alessandra_02-225x300.jpg 225w\" sizes=\"auto, (max-width: 768px) 100vw, 768px\" \/><\/figure>\n\n\n\n<div class=\"wp-block-group team__item_info\"><div class=\"wp-block-group__inner-container is-layout-constrained wp-block-group-is-layout-constrained\">\n<p><strong>Alessandra Viganego<\/strong><\/p>\n\n\n\n<p>COO &#8211; Socia<\/p>\n\n\n\n<p class=\"has-small-font-size\">IDIOMAS: Espa\u00f1ol, Italiano<\/p>\n<\/div><\/div>\n<\/div>\n\n\n\n<div class=\"wp-block-column team__item is-layout-flow wp-block-column-is-layout-flow\">\n<figure class=\"wp-block-image size-full\"><img loading=\"lazy\" decoding=\"async\" width=\"768\" height=\"1024\" src=\"https:\/\/livingbycarlos.com\/wp-content\/uploads\/2026\/03\/Joel2.jpg\" alt=\"\" class=\"wp-image-3520\" srcset=\"https:\/\/livingbycarlos.com\/wp-content\/uploads\/2026\/03\/Joel2.jpg 768w, https:\/\/livingbycarlos.com\/wp-content\/uploads\/2026\/03\/Joel2-225x300.jpg 225w\" sizes=\"auto, (max-width: 768px) 100vw, 768px\" \/><\/figure>\n\n\n\n<div class=\"wp-block-group team__item_info\"><div class=\"wp-block-group__inner-container is-layout-constrained wp-block-group-is-layout-constrained\">\n<p><strong>Joel Wadstrom<\/strong><\/p>\n\n\n\n<p>Asesor de ventas<\/p>\n\n\n\n<p class=\"has-small-font-size\">IDIOMAS: Espa\u00f1ol, Ingles<\/p>\n<\/div><\/div>\n<\/div>\n\n\n\n<div class=\"wp-block-column team__item is-layout-flow wp-block-column-is-layout-flow\">\n<figure class=\"wp-block-image size-full\"><img loading=\"lazy\" decoding=\"async\" width=\"768\" height=\"1024\" src=\"https:\/\/livingbycarlos.com\/wp-content\/uploads\/2026\/03\/Dorien2.jpg\" alt=\"\" class=\"wp-image-3519\" srcset=\"https:\/\/livingbycarlos.com\/wp-content\/uploads\/2026\/03\/Dorien2.jpg 768w, https:\/\/livingbycarlos.com\/wp-content\/uploads\/2026\/03\/Dorien2-225x300.jpg 225w\" sizes=\"auto, (max-width: 768px) 100vw, 768px\" \/><\/figure>\n\n\n\n<div class=\"wp-block-group team__item_info\"><div class=\"wp-block-group__inner-container is-layout-constrained wp-block-group-is-layout-constrained\">\n<p><strong>Dorien Nissen<\/strong><\/p>\n\n\n\n<p>Asesora de ventas<\/p>\n\n\n\n<p class=\"has-small-font-size\">IDIOMAS: Alem\u00e1n, Espa\u00f1ol, Ingles<\/p>\n<\/div><\/div>\n<\/div>\n<\/div>\n<\/div><\/div>\n","protected":false},"excerpt":{"rendered":"<p>\u00bfD\u00f3nde estamos? Ubicados en la Unidad n\u00ba47 de Puerto Portals, formamos parte de uno de los entornos m\u00e1s exclusivos y vibrantes de Mallorca. En Living by Carlos estamos especializados en la venta y gesti\u00f3n de propiedades de lujo, ofreciendo tambi\u00e9n una cuidada selecci\u00f3n de viviendas adaptadas a distintos estilos de vida. Nuestro objetivo es brindar [&hellip;]<\/p>\n","protected":false},"author":1,"featured_media":891,"parent":0,"menu_order":0,"comment_status":"closed","ping_status":"closed","template":"","meta":{"inline_featured_image":false,"footnotes":""},"class_list":["post-23","page","type-page","status-publish","has-post-thumbnail","hentry"],"_links":{"self":[{"href":"https:\/\/livingbycarlos.com\/es\/wp-json\/wp\/v2\/pages\/23","targetHints":{"allow":["GET"]}}],"collection":[{"href":"https:\/\/livingbycarlos.com\/es\/wp-json\/wp\/v2\/pages"}],"about":[{"href":"https:\/\/livingbycarlos.com\/es\/wp-json\/wp\/v2\/types\/page"}],"author":[{"embeddable":true,"href":"https:\/\/livingbycarlos.com\/es\/wp-json\/wp\/v2\/users\/1"}],"replies":[{"embeddable":true,"href":"https:\/\/livingbycarlos.com\/es\/wp-json\/wp\/v2\/comments?post=23"}],"version-history":[{"count":28,"href":"https:\/\/livingbycarlos.com\/es\/wp-json\/wp\/v2\/pages\/23\/revisions"}],"predecessor-version":[{"id":3560,"href":"https:\/\/livingbycarlos.com\/es\/wp-json\/wp\/v2\/pages\/23\/revisions\/3560"}],"wp:featuredmedia":[{"embeddable":true,"href":"https:\/\/livingbycarlos.com\/es\/wp-json\/wp\/v2\/media\/891"}],"wp:attachment":[{"href":"https:\/\/livingbycarlos.com\/es\/wp-json\/wp\/v2\/media?parent=23"}],"curies":[{"name":"wp","href":"https:\/\/api.w.org\/{rel}","templated":true}]}}