{"id":1872,"date":"2025-01-22T14:42:38","date_gmt":"2025-01-22T14:42:38","guid":{"rendered":"http:\/\/livingbycarlos.test\/?page_id=1872"},"modified":"2025-01-22T14:44:24","modified_gmt":"2025-01-22T14:44:24","slug":"declaracion-de-accesibilidad","status":"publish","type":"page","link":"https:\/\/livingbycarlos.com\/es\/declaracion-de-accesibilidad\/","title":{"rendered":"Declaraci\u00f3n de accesibilidad"},"content":{"rendered":"\n<p>El organismo coreconsulting se ha comprometido a hacer accesible\u00a0<a href=\"https:\/\/www.livingbycarlos.com\/\">https:\/\/www.livingbycarlos.com\/<\/a>, de conformidad con el Real Decreto 1112\/2018, de 7 de septiembre, sobre accesibilidad de los sitios web y aplicaciones para dispositivos m\u00f3viles del sector p\u00fablico.<\/p>\n\n\n\n<p>La presente declaraci\u00f3n de accesibilidad se aplica al sitio web\u00a0<a href=\"https:\/\/www.livingbycarlos.com\/\">https:\/\/www.livingbycarlos.com\/<\/a>.<\/p>\n\n\n\n<p>Este sitio web es plenamente conforme con&nbsp;<strong>RD 1112\/2018<\/strong>.<\/p>\n\n\n\n<p>La presente declaraci\u00f3n fue preparada el 16 de marzo de 2023.<br>El m\u00e9todo empleado para preparar la declaraci\u00f3n ha sido una autoevaluaci\u00f3n llevada a cabo por el propio&nbsp;organismo.<br>\u00daltima revisi\u00f3n de la declaraci\u00f3n: 16 de marzo de 2023.<\/p>\n","protected":false},"excerpt":{"rendered":"<p>El organismo coreconsulting se ha comprometido a hacer accesible\u00a0https:\/\/www.livingbycarlos.com\/, de conformidad con el Real Decreto 1112\/2018, de 7 de septiembre, sobre accesibilidad de los sitios web y aplicaciones para dispositivos m\u00f3viles del sector p\u00fablico. La presente declaraci\u00f3n de accesibilidad se aplica al sitio web\u00a0https:\/\/www.livingbycarlos.com\/. Este sitio web es plenamente conforme con&nbsp;RD 1112\/2018. La presente declaraci\u00f3n [&hellip;]<\/p>\n","protected":false},"author":1,"featured_media":0,"parent":0,"menu_order":0,"comment_status":"closed","ping_status":"closed","template":"","meta":{"inline_featured_image":false,"footnotes":""},"class_list":["post-1872","page","type-page","status-publish","hentry"],"_links":{"self":[{"href":"https:\/\/livingbycarlos.com\/es\/wp-json\/wp\/v2\/pages\/1872","targetHints":{"allow":["GET"]}}],"collection":[{"href":"https:\/\/livingbycarlos.com\/es\/wp-json\/wp\/v2\/pages"}],"about":[{"href":"https:\/\/livingbycarlos.com\/es\/wp-json\/wp\/v2\/types\/page"}],"author":[{"embeddable":true,"href":"https:\/\/livingbycarlos.com\/es\/wp-json\/wp\/v2\/users\/1"}],"replies":[{"embeddable":true,"href":"https:\/\/livingbycarlos.com\/es\/wp-json\/wp\/v2\/comments?post=1872"}],"version-history":[{"count":2,"href":"https:\/\/livingbycarlos.com\/es\/wp-json\/wp\/v2\/pages\/1872\/revisions"}],"predecessor-version":[{"id":1874,"href":"https:\/\/livingbycarlos.com\/es\/wp-json\/wp\/v2\/pages\/1872\/revisions\/1874"}],"wp:attachment":[{"href":"https:\/\/livingbycarlos.com\/es\/wp-json\/wp\/v2\/media?parent=1872"}],"curies":[{"name":"wp","href":"https:\/\/api.w.org\/{rel}","templated":true}]}}