{"id":2245,"date":"2024-12-11T14:06:57","date_gmt":"2024-12-11T14:06:57","guid":{"rendered":"https:\/\/livingbycarlos.test\/ueber-uns\/"},"modified":"2026-03-19T11:48:07","modified_gmt":"2026-03-19T11:48:07","slug":"ueber-uns","status":"publish","type":"page","link":"https:\/\/livingbycarlos.com\/de\/ueber-uns\/","title":{"rendered":"\u00dcber uns"},"content":{"rendered":"\n<div class=\"wp-block-group about_us__container\"><div class=\"wp-block-group__inner-container is-layout-constrained wp-block-group-is-layout-constrained\">\n<div class=\"wp-block-columns are-vertically-aligned-center intro is-layout-flex wp-container-core-columns-is-layout-9d6595d7 wp-block-columns-is-layout-flex\">\n<div class=\"wp-block-column is-vertically-aligned-center is-layout-flow wp-block-column-is-layout-flow\">\n<h2 class=\"wp-block-heading title-h2\">Wo sind wir?<\/h2>\n\n\n\n<p>Ans\u00e4ssig in der <strong>Einheit Nr. 47 im Puerto Portals<\/strong>, sind wir stolz darauf, Teil eines der exklusivsten und lebendigsten Standorte Mallorcas zu sein.<\/p>\n\n\n\n<p>Bei <strong>Living by Carlos<\/strong> sind wir auf den <strong>Verkauf und die Verwaltung von Luxusimmobilien<\/strong> spezialisiert und bieten zugleich eine sorgf\u00e4ltig kuratierte Auswahl an Immobilien f\u00fcr unterschiedliche Lebensstile. Unser Ziel ist es, einen <strong>pers\u00f6nlichen, transparenten und hochwertigen Immobilienservice<\/strong> zu bieten und unsere Kunden durch jede Phase des Kauf-, Verkaufs- oder Mietprozesses zu begleiten.<\/p>\n\n\n\n<p>Von unserem B\u00fcro im Hafen aus verbinden wir <strong>lokale Expertise<\/strong> mit einem <strong>internationalen und zeitgem\u00e4\u00dfen Ansatz im Immobilienbereich<\/strong> und schaffen so authentische Verbindungen zwischen Menschen und au\u00dfergew\u00f6hnlichen Immobilien.<\/p>\n\n\n\n<p><strong>Living by Carlos<\/strong> \u2013 wo der mediterrane Lebensstil sein Zuhause findet.<\/p>\n<\/div>\n\n\n\n<div class=\"wp-block-column is-vertically-aligned-center is-layout-flow wp-block-column-is-layout-flow\">\n<figure class=\"wp-block-image size-large\"><img loading=\"lazy\" decoding=\"async\" width=\"785\" height=\"1024\" src=\"https:\/\/livingbycarlos.com\/wp-content\/uploads\/2025\/10\/plano-portals-785x1024.jpg\" alt=\"\" class=\"wp-image-2540\" style=\"object-fit:cover\" srcset=\"https:\/\/livingbycarlos.com\/wp-content\/uploads\/2025\/10\/plano-portals-785x1024.jpg 785w, https:\/\/livingbycarlos.com\/wp-content\/uploads\/2025\/10\/plano-portals-230x300.jpg 230w, https:\/\/livingbycarlos.com\/wp-content\/uploads\/2025\/10\/plano-portals-768x1002.jpg 768w, https:\/\/livingbycarlos.com\/wp-content\/uploads\/2025\/10\/plano-portals-1178x1536.jpg 1178w, https:\/\/livingbycarlos.com\/wp-content\/uploads\/2025\/10\/plano-portals-1570x2048.jpg 1570w, https:\/\/livingbycarlos.com\/wp-content\/uploads\/2025\/10\/plano-portals.jpg 1812w\" sizes=\"auto, (max-width: 785px) 100vw, 785px\" \/><\/figure>\n<\/div>\n<\/div>\n\n\n\n<div class=\"wp-block-columns images is-layout-flex wp-container-core-columns-is-layout-9d6595d7 wp-block-columns-is-layout-flex\">\n<div class=\"wp-block-column is-vertically-aligned-center is-layout-flow wp-block-column-is-layout-flow\" style=\"flex-basis:63%\">\n<figure class=\"wp-block-image size-full\"><img loading=\"lazy\" decoding=\"async\" width=\"1024\" height=\"683\" src=\"https:\/\/livingbycarlos.com\/wp-content\/uploads\/2026\/03\/Equipo_02.jpg\" alt=\"\" class=\"wp-image-3542\" srcset=\"https:\/\/livingbycarlos.com\/wp-content\/uploads\/2026\/03\/Equipo_02.jpg 1024w, https:\/\/livingbycarlos.com\/wp-content\/uploads\/2026\/03\/Equipo_02-300x200.jpg 300w, https:\/\/livingbycarlos.com\/wp-content\/uploads\/2026\/03\/Equipo_02-768x512.jpg 768w, https:\/\/livingbycarlos.com\/wp-content\/uploads\/2026\/03\/Equipo_02-456x304.jpg 456w\" sizes=\"auto, (max-width: 1024px) 100vw, 1024px\" \/><\/figure>\n<\/div>\n\n\n\n<div class=\"wp-block-column is-vertically-aligned-center is-layout-flow wp-block-column-is-layout-flow\" style=\"flex-basis:37%\">\n<p>Unsere Philosophie basiert auf <strong>Professionalit\u00e4t, Vertrauen und Flexibilit\u00e4t<\/strong> und gew\u00e4hrleistet eine ganzheitliche Immobilienbetreuung, die von <strong>Kauf und Verkauf<\/strong> bis hin zu <strong>Verm\u00f6gens- und Investmentmanagement<\/strong> reicht. Wir verstehen den Wert jeder Immobilie und arbeiten mit den besten Spezialisten zusammen, um optimale L\u00f6sungen zu bieten.<\/p>\n\n\n\n<p>Wenn Sie auf der Suche nach einem au\u00dfergew\u00f6hnlichen Zuhause oder einer rentablen Investition sind, ist <strong>Living by Carlos<\/strong> Ihr verl\u00e4sslicher Partner auf dem Immobilienmarkt Mallorcas. <strong>Entdecken Sie unsere exklusiven M\u00f6glichkeiten.<\/strong><\/p>\n<\/div>\n<\/div>\n<\/div><\/div>\n\n\n\n<div class=\"wp-block-group home_services__container\"><div class=\"wp-block-group__inner-container is-layout-constrained wp-block-group-is-layout-constrained\">\n<div class=\"wp-block-columns is-layout-flex wp-container-core-columns-is-layout-9d6595d7 wp-block-columns-is-layout-flex\">\n<div class=\"wp-block-column is-layout-flow wp-block-column-is-layout-flow\">\n<h6 class=\"wp-block-heading title-h6\">leistungen<\/h6>\n\n\n\n<h3 class=\"wp-block-heading title-h2\">Die besten L\u00f6sungen<\/h3>\n\n\n\n<p>Bei <strong>Living by Carlos<\/strong> bieten wir ma\u00dfgeschneiderte Immobilienl\u00f6sungen f\u00fcr <strong>K\u00e4ufer, Investoren und Eigent\u00fcmer<\/strong>. Wir optimieren jede Transaktion durch eine professionelle, flexible und effiziente Betreuung und <strong>garantieren Rentabilit\u00e4t und Sicherheit<\/strong> bei jeder Investition. <strong>Vertrauen Sie auf Experten, um die richtige Entscheidung zu treffen<\/strong>.<\/p>\n<\/div>\n\n\n\n<div class=\"wp-block-column is-vertically-aligned-bottom is-layout-flow wp-block-column-is-layout-flow\">\n<div class=\"wp-block-buttons is-content-justification-right is-layout-flex wp-container-core-buttons-is-layout-765c4724 wp-block-buttons-is-layout-flex\">\n<div class=\"wp-block-button\"><a class=\"wp-block-button__link wp-element-button\" href=\"https:\/\/livingbycarlos.com\/de\/eigenschaften\/?action=Vender\">Alle Immobilien ansehen<\/a><\/div>\n<\/div>\n<\/div>\n<\/div>\n<\/div><\/div>\n\n\n\n<div class=\"wp-block-group home_strengths__container\"><div class=\"wp-block-group__inner-container is-layout-constrained wp-block-group-is-layout-constrained\">\n<div class=\"wp-block-columns is-layout-flex wp-container-core-columns-is-layout-9d6595d7 wp-block-columns-is-layout-flex\">\n<div class=\"wp-block-column is-layout-flow wp-block-column-is-layout-flow\">\n<figure class=\"wp-block-image size-large is-resized icon\"><img loading=\"lazy\" decoding=\"async\" width=\"32\" height=\"32\" src=\"https:\/\/livingbycarlos.com\/wp-content\/uploads\/2025\/01\/User-multiple.svg\" alt=\"\" class=\"wp-image-51\" style=\"object-fit:cover;width:32px;height:32px\"\/><\/figure>\n\n\n\n<h6 class=\"wp-block-heading title-h6 title-black\">Pers\u00f6nliche Betreuung<\/h6>\n\n\n\n<p>Individuelle Beratung, um die perfekte Immobilie f\u00fcr Ihre Bed\u00fcrfnisse zu finden.<\/p>\n\n\n\n<figure class=\"wp-block-image size-full\"><img loading=\"lazy\" decoding=\"async\" width=\"444\" height=\"328\" src=\"https:\/\/livingbycarlos.com\/wp-content\/uploads\/2025\/01\/Rectangle-4.png\" alt=\"\" class=\"wp-image-47\" srcset=\"https:\/\/livingbycarlos.com\/wp-content\/uploads\/2025\/01\/Rectangle-4.png 444w, https:\/\/livingbycarlos.com\/wp-content\/uploads\/2025\/01\/Rectangle-4-300x222.png 300w\" sizes=\"auto, (max-width: 444px) 100vw, 444px\" \/><\/figure>\n<\/div>\n\n\n\n<div class=\"wp-block-column is-layout-flow wp-block-column-is-layout-flow\">\n<figure class=\"wp-block-image size-large is-resized icon\"><img loading=\"lazy\" decoding=\"async\" width=\"32\" height=\"32\" src=\"https:\/\/livingbycarlos.com\/wp-content\/uploads\/2025\/01\/Building.svg\" alt=\"\" class=\"wp-image-65\" style=\"object-fit:cover;width:32px;height:32px\"\/><\/figure>\n\n\n\n<h6 class=\"wp-block-heading title-h6 title-black\">Verm\u00f6gensverwaltung<\/h6>\n\n\n\n<p>Wir maximieren den Wert Ihrer Investitionen durch eine kompetente und effiziente Verwaltung.<\/p>\n\n\n\n<figure class=\"wp-block-image size-full\"><img loading=\"lazy\" decoding=\"async\" width=\"444\" height=\"328\" src=\"https:\/\/livingbycarlos.com\/wp-content\/uploads\/2025\/01\/Rectangle-5.png\" alt=\"\" class=\"wp-image-56\" srcset=\"https:\/\/livingbycarlos.com\/wp-content\/uploads\/2025\/01\/Rectangle-5.png 444w, https:\/\/livingbycarlos.com\/wp-content\/uploads\/2025\/01\/Rectangle-5-300x222.png 300w\" sizes=\"auto, (max-width: 444px) 100vw, 444px\" \/><\/figure>\n<\/div>\n\n\n\n<div class=\"wp-block-column is-layout-flow wp-block-column-is-layout-flow\">\n<figure class=\"wp-block-image size-full is-resized icon\"><img loading=\"lazy\" decoding=\"async\" width=\"33\" height=\"32\" src=\"https:\/\/livingbycarlos.com\/wp-content\/uploads\/2025\/01\/Currency-euro.png\" alt=\"\" class=\"wp-image-68\" style=\"object-fit:cover;width:32px;height:32px\"\/><\/figure>\n\n\n\n<h6 class=\"wp-block-heading title-h6 title-black\">Wirtschaftlichkeitsanalyse<\/h6>\n\n\n\n<p>Wir pr\u00fcfen jede Gelegenheit, um Rentabilit\u00e4t und Sicherheit Ihrer Investition zu gew\u00e4hrleisten.<\/p>\n\n\n\n<figure class=\"wp-block-image size-full\"><img loading=\"lazy\" decoding=\"async\" width=\"444\" height=\"328\" src=\"https:\/\/livingbycarlos.com\/wp-content\/uploads\/2025\/01\/Rectangle-6.png\" alt=\"\" class=\"wp-image-59\" srcset=\"https:\/\/livingbycarlos.com\/wp-content\/uploads\/2025\/01\/Rectangle-6.png 444w, https:\/\/livingbycarlos.com\/wp-content\/uploads\/2025\/01\/Rectangle-6-300x222.png 300w\" sizes=\"auto, (max-width: 444px) 100vw, 444px\" \/><\/figure>\n<\/div>\n\n\n\n<div class=\"wp-block-column is-layout-flow wp-block-column-is-layout-flow\">\n<figure class=\"wp-block-image size-large is-resized icon\"><img loading=\"lazy\" decoding=\"async\" width=\"33\" height=\"32\" src=\"https:\/\/livingbycarlos.com\/wp-content\/uploads\/2025\/01\/Text-link-analysis.svg\" alt=\"\" class=\"wp-image-71\" style=\"object-fit:cover;width:32px;height:32px\"\/><\/figure>\n\n\n\n<h6 class=\"wp-block-heading title-h6 title-black\">Businessplan<\/h6>\n\n\n\n<p>Wir entwickeln Immobilienstrategien, die auf Ihre Vision und finanziellen Ziele abgestimmt sind.<\/p>\n\n\n\n<figure class=\"wp-block-image size-full\"><img loading=\"lazy\" decoding=\"async\" width=\"444\" height=\"328\" src=\"https:\/\/livingbycarlos.com\/wp-content\/uploads\/2025\/01\/Rectangle-7.png\" alt=\"\" class=\"wp-image-62\" srcset=\"https:\/\/livingbycarlos.com\/wp-content\/uploads\/2025\/01\/Rectangle-7.png 444w, https:\/\/livingbycarlos.com\/wp-content\/uploads\/2025\/01\/Rectangle-7-300x222.png 300w\" sizes=\"auto, (max-width: 444px) 100vw, 444px\" \/><\/figure>\n<\/div>\n<\/div>\n<\/div><\/div>\n\n\n\n<div class=\"wp-block-group team-block\"><div class=\"wp-block-group__inner-container is-layout-constrained wp-block-group-is-layout-constrained\">\n<div class=\"wp-block-group team-block__text\"><div class=\"wp-block-group__inner-container is-layout-constrained wp-block-group-is-layout-constrained\">\n<h6 class=\"wp-block-heading title-h6\">Team<\/h6>\n\n\n\n<h5 class=\"wp-block-heading title-h2\">Lernen Sie unser Team kennen<\/h5>\n\n\n\n<p>Das Team von <em>Living by Carlos<\/em> besteht aus drei engagierten und leidenschaftlichen Fachkr\u00e4ften: <strong>Carlos<\/strong>, <strong>Alessandra<\/strong> und <strong>Joel<\/strong>, die gemeinsam eine dynamische Einheit bilden und die Vision des Unternehmens vorantreiben.<\/p>\n\n\n\n<p><strong>Carlos<\/strong>, Gr\u00fcnder und Leiter des Teams, verf\u00fcgt \u00fcber eine umfassende Erfahrung sowohl im Immobilien- als auch im Yachting-Bereich. Seine Laufbahn in der Welt der Seefahrt hat ihm erm\u00f6glicht, einen einzigartigen Ansatz zu entwickeln, der fundierte Marktkenntnisse mit einer unternehmerischen Vision verbindet, die vom maritimen Lebensstil gepr\u00e4gt ist. Carlos f\u00fchrt <em>Living by Carlos<\/em> mit dem Anspruch, einen pers\u00f6nlichen und detaillierten Service zu bieten, der auf die Bed\u00fcrfnisse jedes Kunden zugeschnitten ist. Seine F\u00e4higkeit, beide Welten zu vereinen, erm\u00f6glicht exklusive L\u00f6sungen sowie eine ganzheitliche und spezialisierte Betreuung.<\/p>\n\n\n\n<p><strong>Alessandra<\/strong> ist unsere Immobilienmaklerin mit langj\u00e4hriger Erfahrung in der Branche. Ihre F\u00e4higkeit, die besten Immobilien f\u00fcr unsere Kunden zu finden, ist au\u00dfergew\u00f6hnlich. Alessandra erkennt die individuellen Bed\u00fcrfnisse jedes Kunden und begleitet ihn mit Sicherheit durch Kauf-, Verkaufs- oder Mietprozesse. Ihre N\u00e4he und ihr Engagement vermitteln jederzeit das Gef\u00fchl, in besten H\u00e4nden zu sein.<\/p>\n\n\n\n<p><strong>Joel<\/strong>, unser Sekret\u00e4r und IT-Spezialist, ist eine zentrale St\u00fctze in der internen Organisation des Teams. Dank seines technologischen Know-hows sorgt er daf\u00fcr, dass die Abl\u00e4ufe bei <em>Living by Carlos<\/em> strukturiert und effizient bleiben. Joel stellt sicher, dass der gesamte Informationsfluss \u2013 von der Datenbank bis zum Kundenservice \u2013 reibungslos funktioniert. Seine unterst\u00fctzende und koordinierende Rolle ist entscheidend, damit sich das Team voll und ganz auf die bestm\u00f6gliche Betreuung unserer Kunden konzentrieren kann.<\/p>\n\n\n\n<p><strong>Dorien<\/strong>, auf Mallorca geboren und aufgewachsen, ist unsere vertrauensvolle Expertin f\u00fcr Luxusimmobilien mit umfassender Erfahrung auf nationalen und internationalen M\u00e4rkten. Als echte Botschafterin der Insel begleitet sie ihre Kunden mit Sicherheit und Feingef\u00fchl durch Kauf, Verkauf und Vermietung und bietet eine pers\u00f6nliche Betreuung, damit jede Transaktion reibungslos, sicher und erfolgreich verl\u00e4uft. Dank ihres tiefen Marktverst\u00e4ndnisses und ihres ausgepr\u00e4gten Verhandlungsgeschicks bietet Dorien eine transparente, ma\u00dfgeschneiderte Beratung \u2013 sie unterst\u00fctzt K\u00e4ufer dabei, ihre ideale Immobilie zu finden, und hilft Verk\u00e4ufern sowie Eigent\u00fcmern, den h\u00f6chstm\u00f6glichen Wert aus ihren Immobilien zu erzielen.<\/p>\n\n\n\n<p>Gemeinsam bilden Carlos, Alessandra, Dorien und Joel ein ausgewogenes, professionelles und hoch motiviertes Team, das sich stets Exzellenz und Innovation verpflichtet f\u00fchlt. Mit Leidenschaft helfen wir Ihnen, die perfekte Immobilie zu finden, und begleiten Sie auf jedem Schritt Ihres Weges.<\/p>\n<\/div><\/div>\n\n\n\n<div class=\"wp-block-group\"><div class=\"wp-block-group__inner-container is-layout-constrained wp-block-group-is-layout-constrained\">\n<div class=\"wp-block-columns team-block__photos is-layout-flex wp-container-core-columns-is-layout-9d6595d7 wp-block-columns-is-layout-flex\">\n<div class=\"wp-block-column team__item is-layout-flow wp-block-column-is-layout-flow\">\n<figure class=\"wp-block-image size-full\"><img loading=\"lazy\" decoding=\"async\" width=\"768\" height=\"1024\" src=\"https:\/\/livingbycarlos.com\/wp-content\/uploads\/2026\/03\/Carlos_2.jpg\" alt=\"\" class=\"wp-image-3543\" srcset=\"https:\/\/livingbycarlos.com\/wp-content\/uploads\/2026\/03\/Carlos_2.jpg 768w, https:\/\/livingbycarlos.com\/wp-content\/uploads\/2026\/03\/Carlos_2-225x300.jpg 225w\" sizes=\"auto, (max-width: 768px) 100vw, 768px\" \/><\/figure>\n\n\n\n<div class=\"wp-block-group team__item_info\"><div class=\"wp-block-group__inner-container is-layout-constrained wp-block-group-is-layout-constrained\">\n<p><strong>Karl Patrick Wadstrom<\/strong><\/p>\n\n\n\n<p>CEO &#8211; Gr\u00fcnder<\/p>\n\n\n\n<p class=\"has-small-font-size\">SPRACHEN<strong>:<\/strong> Spanisch, Englisch, Franz\u00f6sisch<\/p>\n<\/div><\/div>\n<\/div>\n\n\n\n<div class=\"wp-block-column team__item is-layout-flow wp-block-column-is-layout-flow\">\n<figure class=\"wp-block-image size-full\"><img loading=\"lazy\" decoding=\"async\" width=\"768\" height=\"1024\" src=\"https:\/\/livingbycarlos.com\/wp-content\/uploads\/2026\/03\/Alessandra_02.jpg\" alt=\"\" class=\"wp-image-3544\" srcset=\"https:\/\/livingbycarlos.com\/wp-content\/uploads\/2026\/03\/Alessandra_02.jpg 768w, https:\/\/livingbycarlos.com\/wp-content\/uploads\/2026\/03\/Alessandra_02-225x300.jpg 225w\" sizes=\"auto, (max-width: 768px) 100vw, 768px\" \/><\/figure>\n\n\n\n<div class=\"wp-block-group team__item_info\"><div class=\"wp-block-group__inner-container is-layout-constrained wp-block-group-is-layout-constrained\">\n<p><strong>Alessandra Viganego<\/strong><\/p>\n\n\n\n<p>COO &#8211; Partnerin<\/p>\n<\/div><\/div>\n\n\n\n<p class=\"has-small-font-size\">SPRACHEN<strong>:<\/strong> Spanisch, Italienisch<\/p>\n<\/div>\n\n\n\n<div class=\"wp-block-column team__item is-layout-flow wp-block-column-is-layout-flow\">\n<figure class=\"wp-block-image size-full\"><img loading=\"lazy\" decoding=\"async\" width=\"768\" height=\"1024\" src=\"https:\/\/livingbycarlos.com\/wp-content\/uploads\/2026\/03\/Joel2.jpg\" alt=\"\" class=\"wp-image-3545\" srcset=\"https:\/\/livingbycarlos.com\/wp-content\/uploads\/2026\/03\/Joel2.jpg 768w, https:\/\/livingbycarlos.com\/wp-content\/uploads\/2026\/03\/Joel2-225x300.jpg 225w\" sizes=\"auto, (max-width: 768px) 100vw, 768px\" \/><\/figure>\n\n\n\n<div class=\"wp-block-group team__item_info\"><div class=\"wp-block-group__inner-container is-layout-constrained wp-block-group-is-layout-constrained\">\n<p><strong>Joel Wadstrom<\/strong><\/p>\n\n\n\n<p>Vertriebsassistent<\/p>\n<\/div><\/div>\n\n\n\n<p class=\"has-small-font-size\">SPRACHEN: Spanisch, Englisch<\/p>\n<\/div>\n\n\n\n<div class=\"wp-block-column team__item is-layout-flow wp-block-column-is-layout-flow\">\n<figure class=\"wp-block-image size-large\"><img loading=\"lazy\" decoding=\"async\" width=\"768\" height=\"1024\" src=\"https:\/\/livingbycarlos.com\/wp-content\/uploads\/2026\/03\/Dorien2.jpg\" alt=\"\" class=\"wp-image-3519\" srcset=\"https:\/\/livingbycarlos.com\/wp-content\/uploads\/2026\/03\/Dorien2.jpg 768w, https:\/\/livingbycarlos.com\/wp-content\/uploads\/2026\/03\/Dorien2-225x300.jpg 225w\" sizes=\"auto, (max-width: 768px) 100vw, 768px\" \/><\/figure>\n\n\n\n<div class=\"wp-block-group team__item_info\"><div class=\"wp-block-group__inner-container is-layout-constrained wp-block-group-is-layout-constrained\">\n<p><strong>Dorien Nissen<\/strong><\/p>\n\n\n\n<p>Vertriebsberaterin<\/p>\n<\/div><\/div>\n\n\n\n<p class=\"has-small-font-size\">SPRACHEN: Deutsch, Spanisch, Englisch<\/p>\n<\/div>\n<\/div>\n<\/div><\/div>\n<\/div><\/div>\n","protected":false},"excerpt":{"rendered":"<p>Wo sind wir? Ans\u00e4ssig in der Einheit Nr. 47 im Puerto Portals, sind wir stolz darauf, Teil eines der exklusivsten und lebendigsten Standorte Mallorcas zu sein. Bei Living by Carlos sind wir auf den Verkauf und die Verwaltung von Luxusimmobilien spezialisiert und bieten zugleich eine sorgf\u00e4ltig kuratierte Auswahl an Immobilien f\u00fcr unterschiedliche Lebensstile. Unser Ziel [&hellip;]<\/p>\n","protected":false},"author":1,"featured_media":893,"parent":0,"menu_order":0,"comment_status":"closed","ping_status":"closed","template":"","meta":{"inline_featured_image":false,"footnotes":""},"class_list":["post-2245","page","type-page","status-publish","has-post-thumbnail","hentry"],"_links":{"self":[{"href":"https:\/\/livingbycarlos.com\/de\/wp-json\/wp\/v2\/pages\/2245","targetHints":{"allow":["GET"]}}],"collection":[{"href":"https:\/\/livingbycarlos.com\/de\/wp-json\/wp\/v2\/pages"}],"about":[{"href":"https:\/\/livingbycarlos.com\/de\/wp-json\/wp\/v2\/types\/page"}],"author":[{"embeddable":true,"href":"https:\/\/livingbycarlos.com\/de\/wp-json\/wp\/v2\/users\/1"}],"replies":[{"embeddable":true,"href":"https:\/\/livingbycarlos.com\/de\/wp-json\/wp\/v2\/comments?post=2245"}],"version-history":[{"count":18,"href":"https:\/\/livingbycarlos.com\/de\/wp-json\/wp\/v2\/pages\/2245\/revisions"}],"predecessor-version":[{"id":3562,"href":"https:\/\/livingbycarlos.com\/de\/wp-json\/wp\/v2\/pages\/2245\/revisions\/3562"}],"wp:featuredmedia":[{"embeddable":true,"href":"https:\/\/livingbycarlos.com\/de\/wp-json\/wp\/v2\/media\/893"}],"wp:attachment":[{"href":"https:\/\/livingbycarlos.com\/de\/wp-json\/wp\/v2\/media?parent=2245"}],"curies":[{"name":"wp","href":"https:\/\/api.w.org\/{rel}","templated":true}]}}