{"id":2102,"date":"2024-12-11T14:06:57","date_gmt":"2024-12-11T14:06:57","guid":{"rendered":"https:\/\/livingbycarlos.test\/bieten-sie-ihre-immobiliean\/"},"modified":"2026-01-29T10:54:00","modified_gmt":"2026-01-29T10:54:00","slug":"bieten-sie-ihre-immobiliean","status":"publish","type":"page","link":"https:\/\/livingbycarlos.com\/de\/bieten-sie-ihre-immobiliean\/","title":{"rendered":"Bieten Sie Ihre Immobiliean"},"content":{"rendered":"\n<div class=\"wp-block-group sell_property__container\"><div class=\"wp-block-group__inner-container is-layout-constrained wp-block-group-is-layout-constrained\">\n<div class=\"wp-block-columns is-layout-flex wp-container-core-columns-is-layout-9d6595d7 wp-block-columns-is-layout-flex\">\n<div class=\"wp-block-column is-vertically-aligned-center images is-layout-flow wp-block-column-is-layout-flow\">\n<figure class=\"wp-block-image size-large\"><img loading=\"lazy\" decoding=\"async\" width=\"1024\" height=\"935\" src=\"https:\/\/livingbycarlos.com\/wp-content\/uploads\/2025\/01\/vende-propiedad-1-1024x935.png\" alt=\"\" class=\"wp-image-923\" srcset=\"https:\/\/livingbycarlos.com\/wp-content\/uploads\/2025\/01\/vende-propiedad-1-1024x935.png 1024w, https:\/\/livingbycarlos.com\/wp-content\/uploads\/2025\/01\/vende-propiedad-1-300x274.png 300w, https:\/\/livingbycarlos.com\/wp-content\/uploads\/2025\/01\/vende-propiedad-1-768x702.png 768w, https:\/\/livingbycarlos.com\/wp-content\/uploads\/2025\/01\/vende-propiedad-1.png 1064w\" sizes=\"auto, (max-width: 1024px) 100vw, 1024px\" \/><\/figure>\n\n\n\n<figure class=\"wp-block-image size-full\"><img loading=\"lazy\" decoding=\"async\" width=\"660\" height=\"723\" src=\"https:\/\/livingbycarlos.com\/wp-content\/uploads\/2025\/01\/vende-propiedad-2.png\" alt=\"\" class=\"wp-image-926\" srcset=\"https:\/\/livingbycarlos.com\/wp-content\/uploads\/2025\/01\/vende-propiedad-2.png 660w, https:\/\/livingbycarlos.com\/wp-content\/uploads\/2025\/01\/vende-propiedad-2-274x300.png 274w\" sizes=\"auto, (max-width: 660px) 100vw, 660px\" \/><\/figure>\n<\/div>\n\n\n\n<div class=\"wp-block-column is-vertically-aligned-center is-layout-flow wp-block-column-is-layout-flow\">\n<h1 class=\"wp-block-heading title-h1\">M\u00f6chten Sie Ihre Immobilie verkaufen?<\/h1>\n\n\n\n<h2 class=\"wp-block-heading\">Finden Sie heraus, wie Living by Carlos Ihnen helfen kann, den besten Preis zu erzielen.<\/h2>\n\n\n\n<p>Bei <strong>Living by Carlos<\/strong>, bieten wir einen umfassenden Service f\u00fcr diejenigen, die ihre <strong>Immobilie auf Mallorca verkaufen m\u00f6chten<\/strong>. <strong>Mit mehr als 20 Jahren Erfahrung<\/strong> auf dem Immobilienmarkt, k\u00fcmmert sich unser Expertenteam um jedes Detail damit Sie den besten Verkaufspreis erzielen. <\/p>\n\n\n\n<p>Unser Prozess beginnt mit einer <strong> gr\u00fcndlichenAnalyse Ihrer Immobilie<\/strong>, bei der wir den tats\u00e4chlichen Wert auf dem aktuellen Markt ermitteln und Ihnen eine faire Bewertung liefern eine <strong> faireBewertung<\/strong> auf der Grundlage von Daten und Trends in der Region. Dar\u00fcber hinaus beraten wir Sie , wie Sie Ihre Immobilie optimieren k\u00f6nnen , um die meisten Kaufinteressenten anzuziehen. <\/p>\n\n\n\n<p>Wir haben eine <strong> ma\u00dfgeschneiderte Marketingstrategie<\/strong>, mit den besten digitalen Tools und Kontakten in der Branche, um der Branche , um eine maximale Sichtbarkeit Ihrer Immobilie zu gew\u00e4hrleisten. Unser Netzwerk von Kaufinteressenten und unsere umfangreiche Erfahrung Erfahrung erm\u00f6glicht es uns, den Verkaufsprozess schnell, effizient und mit voller Transparenz abzuwickeln, effizient und mit voller <strong>Transparenz<\/strong>. <\/p>\n\n\n\n<p>Wenn Sie bereit sind, Ihre Immobilie zu verkaufen, <strong>Living by Carlos<\/strong> kann Ihnen helfen, Ihre Investition zu maximieren und die besten Ergebnisse zu erzielen. <strong>Kontaktieren Sie uns f\u00fcr eine unverbindliche Bewertung.<\/strong><\/p>\n<\/div>\n<\/div>\n<\/div><\/div>\n\n\n\n<div class=\"wp-block-cover is-light home_visit__container full-width\"><video class=\"wp-block-cover__video-background intrinsic-ignore\" autoplay muted loop playsinline src=\"https:\/\/livingbycarlos.com\/wp-content\/uploads\/2025\/01\/7c71-4926-9a72-c6b089775c25.mov\" data-object-fit=\"cover\"><\/video><span aria-hidden=\"true\" class=\"wp-block-cover__background has-background-dim-30 has-background-dim\" style=\"background-color:#0c3f50\"><\/span><div class=\"wp-block-cover__inner-container is-layout-constrained wp-block-cover-is-layout-constrained\">\n<div class=\"wp-block-columns full-width__child is-layout-flex wp-container-core-columns-is-layout-9d6595d7 wp-block-columns-is-layout-flex\">\n<div class=\"wp-block-column is-layout-flow wp-block-column-is-layout-flow\" style=\"flex-basis:45%\">\n<div class=\"wp-block-group home_visit__form\"><div class=\"wp-block-group__inner-container is-layout-constrained wp-block-group-is-layout-constrained\">\n<h2 class=\"wp-block-heading title-h2\">Vereinbaren Sie einen Termin<\/h2>\n\n\n\n<p>Schreiben Sie uns und wir werden Sie kontaktieren<\/p>\n\n\n\n<div class=\"wp-block-contact-form-7-contact-form-selector\">\n<div class=\"wpcf7 no-js\" id=\"wpcf7-f2252-o1\" lang=\"de-DE\" dir=\"ltr\" data-wpcf7-id=\"2252\">\n<div class=\"screen-reader-response\"><p role=\"status\" aria-live=\"polite\" aria-atomic=\"true\"><\/p> <ul><\/ul><\/div>\n<form action=\"\/de\/wp-json\/wp\/v2\/pages\/2102#wpcf7-f2252-o1\" method=\"post\" class=\"wpcf7-form init\" aria-label=\"Kontaktformular\" novalidate=\"novalidate\" data-status=\"init\">\n<fieldset class=\"hidden-fields-container\"><input type=\"hidden\" name=\"_wpcf7\" value=\"2252\" \/><input type=\"hidden\" name=\"_wpcf7_version\" value=\"6.1.5\" \/><input type=\"hidden\" name=\"_wpcf7_locale\" value=\"de_DE\" \/><input type=\"hidden\" name=\"_wpcf7_unit_tag\" value=\"wpcf7-f2252-o1\" \/><input type=\"hidden\" name=\"_wpcf7_container_post\" value=\"0\" \/><input type=\"hidden\" name=\"_wpcf7_posted_data_hash\" value=\"\" \/><input type=\"hidden\" name=\"_wpcf7_recaptcha_response\" value=\"\" \/>\n<\/fieldset>\n<p><span class=\"wpcf7-form-control-wrap\" data-name=\"your-name\"><input size=\"40\" maxlength=\"400\" class=\"wpcf7-form-control wpcf7-text wpcf7-validates-as-required\" autocomplete=\"name\" aria-required=\"true\" aria-invalid=\"false\" placeholder=\"Ihr Name\" value=\"\" type=\"text\" name=\"your-name\" \/><\/span>\n<\/p>\n<p><span class=\"wpcf7-form-control-wrap\" data-name=\"your-email\"><input size=\"40\" maxlength=\"400\" class=\"wpcf7-form-control wpcf7-email wpcf7-validates-as-required wpcf7-text wpcf7-validates-as-email\" autocomplete=\"email\" aria-required=\"true\" aria-invalid=\"false\" placeholder=\"Ihre E-Mail Adresse\" value=\"\" type=\"email\" name=\"your-email\" \/><\/span>\n<\/p>\n<p><span class=\"wpcf7-form-control-wrap\" data-name=\"your-reference\"><input size=\"40\" maxlength=\"400\" class=\"wpcf7-form-control wpcf7-text wpcf7-validates-as-required\" aria-required=\"true\" aria-invalid=\"false\" placeholder=\"Referenz der Eigenschaft\" value=\"\" type=\"text\" name=\"your-reference\" \/><\/span>\n<\/p>\n<p><span class=\"wpcf7-form-control-wrap\" data-name=\"your-message\"><textarea cols=\"40\" rows=\"10\" maxlength=\"2000\" class=\"wpcf7-form-control wpcf7-textarea\" aria-invalid=\"false\" placeholder=\"Schreiben Sie Ihre Nachricht hier....\" name=\"your-message\"><\/textarea><\/span>\n<\/p>\n<p class=\"buttons-group\"><span class=\"wpcf7-form-control-wrap\" data-name=\"acceptance-350\"><span class=\"wpcf7-form-control wpcf7-acceptance\"><span class=\"wpcf7-list-item\"><label><input type=\"checkbox\" name=\"acceptance-350\" value=\"1\" aria-invalid=\"false\" \/><span class=\"wpcf7-list-item-label\">Ich akzeptiere die Datenschutzbestimmungen<\/span><\/label><\/span><\/span><\/span><input class=\"wpcf7-form-control wpcf7-submit has-spinner\" type=\"submit\" value=\"Enviar\" \/>\n<\/p><div class=\"wpcf7-response-output\" aria-hidden=\"true\"><\/div>\n<\/form>\n<\/div>\n<\/div>\n<\/div><\/div>\n<\/div>\n\n\n\n<div class=\"wp-block-column home_visit__text is-layout-flow wp-block-column-is-layout-flow\" style=\"flex-basis:55%\">\n<h2 class=\"wp-block-heading title-h2\">EinzigartigeEigenschaften, f\u00fcr Sie entwickelt.<\/h2>\n\n\n\n<p>Wir gestalten Ihr Haus am Mittelmeer<\/p>\n<\/div>\n<\/div>\n<\/div><\/div>\n","protected":false},"excerpt":{"rendered":"<p>M\u00f6chten Sie Ihre Immobilie verkaufen? Finden Sie heraus, wie Living by Carlos Ihnen helfen kann, den besten Preis zu erzielen. Bei Living by Carlos, bieten wir einen umfassenden Service f\u00fcr diejenigen, die ihre Immobilie auf Mallorca verkaufen m\u00f6chten. Mit mehr als 20 Jahren Erfahrung auf dem Immobilienmarkt, k\u00fcmmert sich unser Expertenteam um jedes Detail damit [&hellip;]<\/p>\n","protected":false},"author":1,"featured_media":921,"parent":0,"menu_order":0,"comment_status":"closed","ping_status":"closed","template":"","meta":{"inline_featured_image":false,"footnotes":""},"class_list":["post-2102","page","type-page","status-publish","has-post-thumbnail","hentry"],"_links":{"self":[{"href":"https:\/\/livingbycarlos.com\/de\/wp-json\/wp\/v2\/pages\/2102","targetHints":{"allow":["GET"]}}],"collection":[{"href":"https:\/\/livingbycarlos.com\/de\/wp-json\/wp\/v2\/pages"}],"about":[{"href":"https:\/\/livingbycarlos.com\/de\/wp-json\/wp\/v2\/types\/page"}],"author":[{"embeddable":true,"href":"https:\/\/livingbycarlos.com\/de\/wp-json\/wp\/v2\/users\/1"}],"replies":[{"embeddable":true,"href":"https:\/\/livingbycarlos.com\/de\/wp-json\/wp\/v2\/comments?post=2102"}],"version-history":[{"count":3,"href":"https:\/\/livingbycarlos.com\/de\/wp-json\/wp\/v2\/pages\/2102\/revisions"}],"predecessor-version":[{"id":3365,"href":"https:\/\/livingbycarlos.com\/de\/wp-json\/wp\/v2\/pages\/2102\/revisions\/3365"}],"wp:featuredmedia":[{"embeddable":true,"href":"https:\/\/livingbycarlos.com\/de\/wp-json\/wp\/v2\/media\/921"}],"wp:attachment":[{"href":"https:\/\/livingbycarlos.com\/de\/wp-json\/wp\/v2\/media?parent=2102"}],"curies":[{"name":"wp","href":"https:\/\/api.w.org\/{rel}","templated":true}]}}