{"id":2100,"date":"2025-01-22T14:42:38","date_gmt":"2025-01-22T14:42:38","guid":{"rendered":"https:\/\/livingbycarlos.test\/erklaerung-zur-zugaenglichkeit\/"},"modified":"2025-02-04T09:42:45","modified_gmt":"2025-02-04T09:42:45","slug":"erklaerung-zur-zugaenglichkeit","status":"publish","type":"page","link":"https:\/\/livingbycarlos.com\/de\/erklaerung-zur-zugaenglichkeit\/","title":{"rendered":"Erkl\u00e4rung zur Zug\u00e4nglichkeit"},"content":{"rendered":"\n<p>Die Coreconsulting-Agentur hat sich verpflichtet, <a href=\"https:\/\/www.livingbycarlos.com\/\">https:\/\/www.livingbycarlos.com\/<\/a> gem\u00e4\u00df dem K\u00f6niglichen Erlass 1112\/2018 vom 7. September \u00fcber die Zug\u00e4nglichkeit von Websites und Anwendungen des \u00f6ffentlichen Sektors f\u00fcr mobile Ger\u00e4te zug\u00e4nglich zu machen.<\/p>\n\n<p>Diese Erkl\u00e4rung zur Zug\u00e4nglichkeit gilt f\u00fcr die Website <a href=\"https:\/\/www.livingbycarlos.com\/\">https:\/\/www.livingbycarlos.com\/<\/a>.<\/p>\n\n<p>Diese Website entspricht vollst\u00e4ndig der <strong>RD 1112\/2018<\/strong>.<\/p>\n\n<p>Diese Erkl\u00e4rung wurde am 16. M\u00e4rz 2023 erstellt.<br\/>Die Methode , die zur Erstellung der Erkl\u00e4rung verwendet wurde , war eine von der Einrichtung selbst durchgef\u00fchrte Selbstbeurteilung.<br\/>Letzte \u00dcberarbeitung der Erkl\u00e4rung: 16. M\u00e4rz 2023.<\/p>\n","protected":false},"excerpt":{"rendered":"<p>Die Coreconsulting-Agentur hat sich verpflichtet, https:\/\/www.livingbycarlos.com\/ gem\u00e4\u00df dem K\u00f6niglichen Erlass 1112\/2018 vom 7. September \u00fcber die Zug\u00e4nglichkeit von Websites und Anwendungen des \u00f6ffentlichen Sektors f\u00fcr mobile Ger\u00e4te zug\u00e4nglich zu machen. Diese Erkl\u00e4rung zur Zug\u00e4nglichkeit gilt f\u00fcr die Website https:\/\/www.livingbycarlos.com\/. Diese Website entspricht vollst\u00e4ndig der RD 1112\/2018. Diese Erkl\u00e4rung wurde am 16. M\u00e4rz 2023 erstellt.Die Methode [&hellip;]<\/p>\n","protected":false},"author":1,"featured_media":0,"parent":0,"menu_order":0,"comment_status":"closed","ping_status":"closed","template":"","meta":{"inline_featured_image":false,"footnotes":""},"class_list":["post-2100","page","type-page","status-publish","hentry"],"_links":{"self":[{"href":"https:\/\/livingbycarlos.com\/de\/wp-json\/wp\/v2\/pages\/2100","targetHints":{"allow":["GET"]}}],"collection":[{"href":"https:\/\/livingbycarlos.com\/de\/wp-json\/wp\/v2\/pages"}],"about":[{"href":"https:\/\/livingbycarlos.com\/de\/wp-json\/wp\/v2\/types\/page"}],"author":[{"embeddable":true,"href":"https:\/\/livingbycarlos.com\/de\/wp-json\/wp\/v2\/users\/1"}],"replies":[{"embeddable":true,"href":"https:\/\/livingbycarlos.com\/de\/wp-json\/wp\/v2\/comments?post=2100"}],"version-history":[{"count":1,"href":"https:\/\/livingbycarlos.com\/de\/wp-json\/wp\/v2\/pages\/2100\/revisions"}],"predecessor-version":[{"id":2101,"href":"https:\/\/livingbycarlos.com\/de\/wp-json\/wp\/v2\/pages\/2100\/revisions\/2101"}],"wp:attachment":[{"href":"https:\/\/livingbycarlos.com\/de\/wp-json\/wp\/v2\/media?parent=2100"}],"curies":[{"name":"wp","href":"https:\/\/api.w.org\/{rel}","templated":true}]}}